{"id":699,"date":"2025-07-07T13:53:55","date_gmt":"2025-07-07T13:53:55","guid":{"rendered":"https:\/\/weare023.com\/produce\/"},"modified":"2026-01-16T12:35:22","modified_gmt":"2026-01-16T12:35:22","slug":"produce","status":"publish","type":"page","link":"https:\/\/weare023.com\/ca\/produce\/","title":{"rendered":"Produce"},"content":{"rendered":"\t<!-- BLOCK HEADER -->\n\t<section id=acf-block-686bd4e4703ab class=\"block-header\">\n\t\t<div class=\"container-fluid\">\n\t\t\t<div class=\"row\">\n\t\t\t\t<div class=\"col-12 col-lg-6\">\n\t\t\t\t\t<div class=\"block-header__title\">\n\t\t\t\t\t\t\t\t\t\t\t\t\t<h1 class=\"t-xl\">Donem forma a les teves idees<\/h1>\n\t\t\t\t\t\t\t\t\t\t\t\t\t\t\t\t\t\t\t<h2 class=\"t-s\">creant productes audiovisuals fets a mida i cuidats fins al darrer detall<\/h2>\n\t\t\t\t\t\t\t\t\t\t\t<\/div>\n\t\t\t\t<\/div>\n\t\t\t<\/div>\n\t\t\t\t\t\t\t<div class=\"row\">\n\t\t\t\t\t<div class=\"col-12\">\n\t\t\t\t\t\t<div class=\"block-header__image\">\n\t\t\t\t\t\t\t\t\t\t\t\t\t\t\t\t\t\t\t\t\t\t<video class=\"hero_video\" autoplay playsinline muted loop poster=\"https:\/\/weare023.com\/wp-content\/uploads\/2025\/07\/img-hero-produce-scaled.png\">\n\t\t\t\t\t\t\t\t  <source src=\"https:\/\/player.vimeo.com\/progressive_redirect\/playback\/1155008775\/rendition\/1080p\/file.mp4%20%281080p%29.mp4?loc=external&#038;log_user=0&#038;signature=6d74832b2fab5aa484cd119eea02d57cea42be1084165f0a3d7cbfc225a57909\" type=\"video\/mp4\">\n\t\t\t\t\t\t\t\t  Your browser does not support the video tag.\n\t\t\t\t\t\t\t\t<\/video>\n\t\t\t\t\t\t\t\t\t\t\t\t\t<\/div>\n\t\t\t\t\t<\/div>\n\t\t\t\t<\/div>\n\t\t\t\t\t<\/div>\n\t<\/section>\n\t<!-- END BLOCK HEADER -->\n\n\n\t<!-- BLOCK INTRO -->\n\t<section id=acf-block-686bd4e470a3b  class=\"block-intro\">\n\t\t<div class=\"container-fluid\">\n\t\t\t<div class=\"row\">\n\t\t\t\t<div class=\"col-12\">\n\t\t\t\t\t<div class=\"block-intro__text spacer-wrap spacer-wrap-big\">\n\t\t\t\t\t\t\t\t\t\t\t\t\t<h4 class=\"t-s top-text split-anim\">Produce<\/h4>\n\t\t\t\t\t\t\t\t\t\t\t\t\t\t\t\t\t\t\t<h2 class=\"t-xl spacer-text split-anim\"><span class=\"spacer\"><\/span>La creativitat es transforma en realitat.  Aqu\u00ed comen\u00e7a la nostra producci\u00f3 audiovisual integral assegurant el m\u00e0xim nivell de qualitat.<\/h2>\n\t\t\t\t\t\t\t\t\t\t\t<\/div>\n\t\t\t\t<\/div>\n\t\t\t<\/div>\n\t\t<\/div>\n\t<\/section>\n\t<!-- END BLOCK INTRO -->\n\n\n\t<!-- TEXT BLOCK -->\n\t<section id=acf-block-686bd4e471900  class=\"block-text\">\n\t\t<div class=\"block-text__header\">\n\t\t\t<div class=\"container-fluid\">\n\t\t\t\t<div class=\"row d-flex align-items-end\">\n\t\t\t\t\t<div class=\"col-12 col-lg-6\">\n\t\t\t\t\t\t<div class=\"block-text__header-title t-l\">\n\t\t\t\t\t\t\t\t\t\t\t\t\t\t\t<h3 class=\"split-anim\">Descobreix les nostres capacitats de producci\u00f3 de principi a fi \u2014 des de la cinematografia, el c\u00e0sting, les de localitzacions i l\u2019edici\u00f3, fins a la postproducci\u00f3.<\/h3>\n\t\t\t\t\t\t\t\t\t\t\t\t\t<\/div>\n\t\t\t\t\t<\/div>\n\t\t\t\t\t<div class=\"col-12 col-lg-6 d-flex justify-content-lg-end\">\n\t\t\t\t\t\t<div class=\"block-text__header-subtitle t-s\">\n\t\t\t\t\t\t\t\t\t\t\t\t\t\t\t<p class=\"split-anim\"><p>Una productora 360\u00ba<\/p>\n<\/p>\n\t\t\t\t\t\t\t\t\t\t\t\t\t<\/div>\n\t\t\t\t\t<\/div>\n\t\t\t\t<\/div>\n\t\t\t<\/div>\n\t\t<\/div>\n\t\t\t\t\t\t\t\t\t<div class=\"block-text__item\">\n\t\t\t\t\t<div class=\"container-fluid\">\n\t\t\t\t\t\t<div class=\"row\">\n\t\t\t\t\t\t\t<div class=\"col-12\">\n\t\t\t\t\t\t\t\t<div class=\"border-separator\"><\/div>\n\t\t\t\t\t\t\t<\/div>\n\t\t\t\t\t\t<\/div>\n\t\t\t\t\t\t<div class=\"row d-flex align-items-baseline\">\n\t\t\t\t\t\t\t<div class=\"col-12 col-lg-3\">\n\t\t\t\t\t\t\t\t<div class=\"block-text__item-title t-s\">\n\t\t\t\t\t\t\t\t\t\t\t\t\t\t\t\t\t\t\t<h4 class=\"split-anim\">Serveis<\/h4>\n\t\t\t\t\t\t\t\t\t\t\t\t\t\t\t\t\t<\/div>\n\t\t\t\t\t\t\t<\/div>\n\t\t\t\t\t\t\t<div class=\"col-12 col-lg-5\">\n\t\t\t\t\t\t\t\t<div class=\"block-text__item-content t-m\">\n\t\t\t\t\t\t\t\t\t\t\t\t\t\t\t\t\t\t\t<div class=\"split-anim-inner\"><p>Des del desenvolupament del concepte fins a l\u00b4entrega final, gestionem cada etapa del proc\u00e9s per assegurar un resultat fluid i potent.<\/p>\n<\/div>\n\t\t\t\t\t\t\t\t\t\t\t\t\t\t\t\t\t<\/div>\n\t\t\t\t\t\t\t<\/div>\n\t\t\t\t\t\t\t\t\t\t\t\t\t\t\t<div class=\"col-12 col-lg-3 offset-lg-1\">\n\t\t\t\t\t\t\t\t\t<div class=\"block-text__item-list t-s\">\n\t\t\t\t\t\t\t\t\t\t<ul>\n\t\t\t\t\t\t\t\t\t\t\t\t\t\t\t\t\t\t\t\t\t\t\t<li class=\"block-text__item-list-item\">\n\t\t\t\t\t\t\t\t\t\t\t\t\t\t\t\t\t\t\t\t\t\t\t\t\t\t\t<p class=\"split-anim\">\n\t\t\t\t\t\t\t\t\t\t\t\t\t\t\t\t\t\t\t\t\t\t\t\t\t\t\t\t\t\t\tDesenvolupament de concepte\t\t\t\t\t\t\t\t\t\t\t\t\t\t\t\t\t\t\t\t\t\t\t\t\t\t\t\t\t<\/p>\n\t\t\t\t\t\t\t\t\t\t\t\t\t\t\t\t\t\t\t\t\t\t\t\t\t<\/li>\n\t\t\t\t\t\t\t\t\t\t\t\t\t\t\t\t\t\t\t\t\t\t\t<li class=\"block-text__item-list-item\">\n\t\t\t\t\t\t\t\t\t\t\t\t\t\t\t\t\t\t\t\t\t\t\t\t\t\t\t<p class=\"split-anim\">\n\t\t\t\t\t\t\t\t\t\t\t\t\t\t\t\t\t\t\t\t\t\t\t\t\t\t\t\t\t\t\tConsultoria creativa i estrat\u00e8gia visual \t\t\t\t\t\t\t\t\t\t\t\t\t\t\t\t\t\t\t\t\t\t\t\t\t\t\t\t\t<\/p>\n\t\t\t\t\t\t\t\t\t\t\t\t\t\t\t\t\t\t\t\t\t\t\t\t\t<\/li>\n\t\t\t\t\t\t\t\t\t\t\t\t\t\t\t\t\t\t\t\t\t\t\t<li class=\"block-text__item-list-item\">\n\t\t\t\t\t\t\t\t\t\t\t\t\t\t\t\t\t\t\t\t\t\t\t\t\t\t\t<p class=\"split-anim\">\n\t\t\t\t\t\t\t\t\t\t\t\t\t\t\t\t\t\t\t\t\t\t\t\t\t\t\t\t\t\t\tPreproducci\u00f3\t\t\t\t\t\t\t\t\t\t\t\t\t\t\t\t\t\t\t\t\t\t\t\t\t\t\t\t\t<\/p>\n\t\t\t\t\t\t\t\t\t\t\t\t\t\t\t\t\t\t\t\t\t\t\t\t\t<\/li>\n\t\t\t\t\t\t\t\t\t\t\t\t\t\t\t\t\t\t\t\t\t\t\t<li class=\"block-text__item-list-item\">\n\t\t\t\t\t\t\t\t\t\t\t\t\t\t\t\t\t\t\t\t\t\t\t\t\t\t\t<p class=\"split-anim\">\n\t\t\t\t\t\t\t\t\t\t\t\t\t\t\t\t\t\t\t\t\t\t\t\t\t\t\t\t\t\t\tCinematografia i direcci\u00f3\t\t\t\t\t\t\t\t\t\t\t\t\t\t\t\t\t\t\t\t\t\t\t\t\t\t\t\t\t<\/p>\n\t\t\t\t\t\t\t\t\t\t\t\t\t\t\t\t\t\t\t\t\t\t\t\t\t<\/li>\n\t\t\t\t\t\t\t\t\t\t\t\t\t\t\t\t\t\t\t\t\t\t\t<li class=\"block-text__item-list-item\">\n\t\t\t\t\t\t\t\t\t\t\t\t\t\t\t\t\t\t\t\t\t\t\t\t\t\t\t<p class=\"split-anim\">\n\t\t\t\t\t\t\t\t\t\t\t\t\t\t\t\t\t\t\t\t\t\t\t\t\t\t\t\t\t\t\tC\u00e0sting i gesti\u00f3 de talent \t\t\t\t\t\t\t\t\t\t\t\t\t\t\t\t\t\t\t\t\t\t\t\t\t\t\t\t\t<\/p>\n\t\t\t\t\t\t\t\t\t\t\t\t\t\t\t\t\t\t\t\t\t\t\t\t\t<\/li>\n\t\t\t\t\t\t\t\t\t\t\t\t\t\t\t\t\t\t\t\t\t\t\t<li class=\"block-text__item-list-item\">\n\t\t\t\t\t\t\t\t\t\t\t\t\t\t\t\t\t\t\t\t\t\t\t\t\t\t\t<p class=\"split-anim\">\n\t\t\t\t\t\t\t\t\t\t\t\t\t\t\t\t\t\t\t\t\t\t\t\t\t\t\t\t\t\t\tRecerca de localitzacions\t\t\t\t\t\t\t\t\t\t\t\t\t\t\t\t\t\t\t\t\t\t\t\t\t\t\t\t\t<\/p>\n\t\t\t\t\t\t\t\t\t\t\t\t\t\t\t\t\t\t\t\t\t\t\t\t\t<\/li>\n\t\t\t\t\t\t\t\t\t\t\t\t\t\t\t\t\t\t\t\t\t\t\t<li class=\"block-text__item-list-item\">\n\t\t\t\t\t\t\t\t\t\t\t\t\t\t\t\t\t\t\t\t\t\t\t\t\t\t\t<p class=\"split-anim\">\n\t\t\t\t\t\t\t\t\t\t\t\t\t\t\t\t\t\t\t\t\t\t\t\t\t\t\t\t\t\t\tEdici\u00f3 i etalonatge de color\t\t\t\t\t\t\t\t\t\t\t\t\t\t\t\t\t\t\t\t\t\t\t\t\t\t\t\t\t<\/p>\n\t\t\t\t\t\t\t\t\t\t\t\t\t\t\t\t\t\t\t\t\t\t\t\t\t<\/li>\n\t\t\t\t\t\t\t\t\t\t\t\t\t\t\t\t\t\t\t\t\t\t\t<li class=\"block-text__item-list-item\">\n\t\t\t\t\t\t\t\t\t\t\t\t\t\t\t\t\t\t\t\t\t\t\t\t\t\t\t<p class=\"split-anim\">\n\t\t\t\t\t\t\t\t\t\t\t\t\t\t\t\t\t\t\t\t\t\t\t\t\t\t\t\t\t\t\tPostproducci\u00f3 i VFX\t\t\t\t\t\t\t\t\t\t\t\t\t\t\t\t\t\t\t\t\t\t\t\t\t\t\t\t\t<\/p>\n\t\t\t\t\t\t\t\t\t\t\t\t\t\t\t\t\t\t\t\t\t\t\t\t\t<\/li>\n\t\t\t\t\t\t\t\t\t\t\t\t\t\t\t\t\t\t\t\t\t\t\t<li class=\"block-text__item-list-item\">\n\t\t\t\t\t\t\t\t\t\t\t\t\t\t\t\t\t\t\t\t\t\t\t\t\t\t\t<p class=\"split-anim\">\n\t\t\t\t\t\t\t\t\t\t\t\t\t\t\t\t\t\t\t\t\t\t\t\t\t\t\t\t\t\t\tFluxos de treball d\u2019IA en postproducci\u00f3\t\t\t\t\t\t\t\t\t\t\t\t\t\t\t\t\t\t\t\t\t\t\t\t\t\t\t\t\t<\/p>\n\t\t\t\t\t\t\t\t\t\t\t\t\t\t\t\t\t\t\t\t\t\t\t\t\t<\/li>\n\t\t\t\t\t\t\t\t\t\t\t\t\t\t\t\t\t\t\t\t\t<\/ul>\n\t\t\t\t\t\t\t\t\t<\/div>\n\t\t\t\t\t\t\t\t<\/div>\n\t\t\t\t\t\t\t\t\t\t\t\t\t<\/div>\n\t\t\t\t\t<\/div>\n\t\t\t\t<\/div>\n\t\t\t\t\t\t\t<div class=\"block-text__item\">\n\t\t\t\t\t<div class=\"container-fluid\">\n\t\t\t\t\t\t<div class=\"row\">\n\t\t\t\t\t\t\t<div class=\"col-12\">\n\t\t\t\t\t\t\t\t<div class=\"border-separator\"><\/div>\n\t\t\t\t\t\t\t<\/div>\n\t\t\t\t\t\t<\/div>\n\t\t\t\t\t\t<div class=\"row d-flex align-items-baseline\">\n\t\t\t\t\t\t\t<div class=\"col-12 col-lg-3\">\n\t\t\t\t\t\t\t\t<div class=\"block-text__item-title t-s\">\n\t\t\t\t\t\t\t\t\t\t\t\t\t\t\t\t\t\t\t<h4 class=\"split-anim\">Productes<\/h4>\n\t\t\t\t\t\t\t\t\t\t\t\t\t\t\t\t\t<\/div>\n\t\t\t\t\t\t\t<\/div>\n\t\t\t\t\t\t\t<div class=\"col-12 col-lg-5\">\n\t\t\t\t\t\t\t\t<div class=\"block-text__item-content t-m\">\n\t\t\t\t\t\t\t\t\t\t\t\t\t\t\t\t\t\t\t<div class=\"split-anim-inner\"><p>Cada projecte neix amb prop\u00f2sit, combinant estrat\u00e8gia i creativitat per crear valor.<\/p>\n<\/div>\n\t\t\t\t\t\t\t\t\t\t\t\t\t\t\t\t\t<\/div>\n\t\t\t\t\t\t\t<\/div>\n\t\t\t\t\t\t\t\t\t\t\t\t\t\t\t<div class=\"col-12 col-lg-3 offset-lg-1\">\n\t\t\t\t\t\t\t\t\t<div class=\"block-text__item-list t-s\">\n\t\t\t\t\t\t\t\t\t\t<ul>\n\t\t\t\t\t\t\t\t\t\t\t\t\t\t\t\t\t\t\t\t\t\t\t<li class=\"block-text__item-list-item\">\n\t\t\t\t\t\t\t\t\t\t\t\t\t\t\t\t\t\t\t\t\t\t\t\t\t\t\t<p class=\"split-anim\">\n\t\t\t\t\t\t\t\t\t\t\t\t\t\t\t\t\t\t\t\t\t\t\t\t\t\t\t\t\t\t\tStorytelling visual\t\t\t\t\t\t\t\t\t\t\t\t\t\t\t\t\t\t\t\t\t\t\t\t\t\t\t\t\t<\/p>\n\t\t\t\t\t\t\t\t\t\t\t\t\t\t\t\t\t\t\t\t\t\t\t\t\t<\/li>\n\t\t\t\t\t\t\t\t\t\t\t\t\t\t\t\t\t\t\t\t\t\t\t<li class=\"block-text__item-list-item\">\n\t\t\t\t\t\t\t\t\t\t\t\t\t\t\t\t\t\t\t\t\t\t\t\t\t\t\t<p class=\"split-anim\">\n\t\t\t\t\t\t\t\t\t\t\t\t\t\t\t\t\t\t\t\t\t\t\t\t\t\t\t\t\t\t\tPublicitat\t\t\t\t\t\t\t\t\t\t\t\t\t\t\t\t\t\t\t\t\t\t\t\t\t\t\t\t\t<\/p>\n\t\t\t\t\t\t\t\t\t\t\t\t\t\t\t\t\t\t\t\t\t\t\t\t\t<\/li>\n\t\t\t\t\t\t\t\t\t\t\t\t\t\t\t\t\t\t\t\t\t\t\t<li class=\"block-text__item-list-item\">\n\t\t\t\t\t\t\t\t\t\t\t\t\t\t\t\t\t\t\t\t\t\t\t\t\t\t\t<p class=\"split-anim\">\n\t\t\t\t\t\t\t\t\t\t\t\t\t\t\t\t\t\t\t\t\t\t\t\t\t\t\t\t\t\t\tV\u00eddeos de marca i corporatius\t\t\t\t\t\t\t\t\t\t\t\t\t\t\t\t\t\t\t\t\t\t\t\t\t\t\t\t\t<\/p>\n\t\t\t\t\t\t\t\t\t\t\t\t\t\t\t\t\t\t\t\t\t\t\t\t\t<\/li>\n\t\t\t\t\t\t\t\t\t\t\t\t\t\t\t\t\t\t\t\t\t\t\t<li class=\"block-text__item-list-item\">\n\t\t\t\t\t\t\t\t\t\t\t\t\t\t\t\t\t\t\t\t\t\t\t\t\t\t\t<p class=\"split-anim\">\n\t\t\t\t\t\t\t\t\t\t\t\t\t\t\t\t\t\t\t\t\t\t\t\t\t\t\t\t\t\t\tMotion branding i animaci\u00f3 gr\u00e0fica\t\t\t\t\t\t\t\t\t\t\t\t\t\t\t\t\t\t\t\t\t\t\t\t\t\t\t\t\t<\/p>\n\t\t\t\t\t\t\t\t\t\t\t\t\t\t\t\t\t\t\t\t\t\t\t\t\t<\/li>\n\t\t\t\t\t\t\t\t\t\t\t\t\t\t\t\t\t\t\t\t\t\t\t<li class=\"block-text__item-list-item\">\n\t\t\t\t\t\t\t\t\t\t\t\t\t\t\t\t\t\t\t\t\t\t\t\t\t\t\t<p class=\"split-anim\">\n\t\t\t\t\t\t\t\t\t\t\t\t\t\t\t\t\t\t\t\t\t\t\t\t\t\t\t\t\t\t\tVideopodcasts i s\u00e8ries de continguts\t\t\t\t\t\t\t\t\t\t\t\t\t\t\t\t\t\t\t\t\t\t\t\t\t\t\t\t\t<\/p>\n\t\t\t\t\t\t\t\t\t\t\t\t\t\t\t\t\t\t\t\t\t\t\t\t\t<\/li>\n\t\t\t\t\t\t\t\t\t\t\t\t\t\t\t\t\t\t\t\t\t\t\t<li class=\"block-text__item-list-item\">\n\t\t\t\t\t\t\t\t\t\t\t\t\t\t\t\t\t\t\t\t\t\t\t\t\t\t\t<p class=\"split-anim\">\n\t\t\t\t\t\t\t\t\t\t\t\t\t\t\t\t\t\t\t\t\t\t\t\t\t\t\t\t\t\t\tCobertura i continguts per esdeveniments\t\t\t\t\t\t\t\t\t\t\t\t\t\t\t\t\t\t\t\t\t\t\t\t\t\t\t\t\t<\/p>\n\t\t\t\t\t\t\t\t\t\t\t\t\t\t\t\t\t\t\t\t\t\t\t\t\t<\/li>\n\t\t\t\t\t\t\t\t\t\t\t\t\t\t\t\t\t\t\t\t\t\t\t<li class=\"block-text__item-list-item\">\n\t\t\t\t\t\t\t\t\t\t\t\t\t\t\t\t\t\t\t\t\t\t\t\t\t\t\t<p class=\"split-anim\">\n\t\t\t\t\t\t\t\t\t\t\t\t\t\t\t\t\t\t\t\t\t\t\t\t\t\t\t\t\t\t\tFotografia comercial i corporativa\t\t\t\t\t\t\t\t\t\t\t\t\t\t\t\t\t\t\t\t\t\t\t\t\t\t\t\t\t<\/p>\n\t\t\t\t\t\t\t\t\t\t\t\t\t\t\t\t\t\t\t\t\t\t\t\t\t<\/li>\n\t\t\t\t\t\t\t\t\t\t\t\t\t\t\t\t\t\t\t\t\t\t\t<li class=\"block-text__item-list-item\">\n\t\t\t\t\t\t\t\t\t\t\t\t\t\t\t\t\t\t\t\t\t\t\t\t\t\t\t<p class=\"split-anim\">\n\t\t\t\t\t\t\t\t\t\t\t\t\t\t\t\t\t\t\t\t\t\t\t\t\t\t\t\t\t\t\tMuseus, exposicions i showrooms\t\t\t\t\t\t\t\t\t\t\t\t\t\t\t\t\t\t\t\t\t\t\t\t\t\t\t\t\t<\/p>\n\t\t\t\t\t\t\t\t\t\t\t\t\t\t\t\t\t\t\t\t\t\t\t\t\t<\/li>\n\t\t\t\t\t\t\t\t\t\t\t\t\t\t\t\t\t\t\t\t\t\t\t<li class=\"block-text__item-list-item\">\n\t\t\t\t\t\t\t\t\t\t\t\t\t\t\t\t\t\t\t\t\t\t\t\t\t\t\t<p class=\"split-anim\">\n\t\t\t\t\t\t\t\t\t\t\t\t\t\t\t\t\t\t\t\t\t\t\t\t\t\t\t\t\t\t\tServeis de producci\u00f3\t\t\t\t\t\t\t\t\t\t\t\t\t\t\t\t\t\t\t\t\t\t\t\t\t\t\t\t\t<\/p>\n\t\t\t\t\t\t\t\t\t\t\t\t\t\t\t\t\t\t\t\t\t\t\t\t\t<\/li>\n\t\t\t\t\t\t\t\t\t\t\t\t\t\t\t\t\t\t\t\t\t<\/ul>\n\t\t\t\t\t\t\t\t\t<\/div>\n\t\t\t\t\t\t\t\t<\/div>\n\t\t\t\t\t\t\t\t\t\t\t\t\t<\/div>\n\t\t\t\t\t<\/div>\n\t\t\t\t<\/div>\n\t\t\t\t\t\t<\/section>\n\t<!-- END TEXT BLOCK -->\n\n\n<section class=\"section-gutenberg\"><div class=\"container-fluid\">\n<div class=\"wp-block-columns is-layout-flex wp-container-core-columns-is-layout-9d6595d7 wp-block-columns-is-layout-flex\">\n<div class=\"wp-block-column is-layout-flow wp-block-column-is-layout-flow\">\n<figure class=\"wp-block-video\"><video autoplay loop muted poster=\"https:\/\/weare023.com\/wp-content\/uploads\/2025\/07\/img-produce-1-scaled.png\" src=\"https:\/\/player.vimeo.com\/progressive_redirect\/playback\/1147649438\/rendition\/1080p\/file.mp4%20%281080p%29.mp4?loc=external&amp;log_user=0&amp;signature=3475c7882895140453766efbf8e56cc2acdd70a8f6affd3814e2466937f6b703\" playsinline><\/video><\/figure>\n<\/div>\n<\/div>\n<\/div><\/section>\n\n\t<!-- BLOCK IMAGE -->\n\t<section id=acf-block-686bd4e4725ec class=\"block-image pt-0\">\n\t\t<div class=\"container-fluid\">\n\t\t\t<div class=\"row\">\n\t\t\t\t<div class=\"col-12\">\n\t\t\t\t\t<div class=\"block-image__image\">\n\t\t\t\t\t\t\t\t\t\t\t<\/div>\n\t\t\t\t<\/div>\n\t\t\t<\/div>\n\t\t<\/div>\n\t\t<div class=\"block-image__item\">\n\t\t\t<div class=\"container-fluid\">\n\t\t\t\t<div class=\"row\">\n\t\t\t\t\t<div class=\"col-12\">\n\t\t\t\t\t\t<div class=\"border-separator\"><\/div>\n\t\t\t\t\t<\/div>\n\t\t\t\t<\/div>\n\t\t\t\t<div class=\"row d-flex align-items-baseline\">\n\t\t\t\t\t<div class=\"col-12 col-lg-3\">\n\t\t\t\t\t\t<div class=\"block-image__item-title t-s\">\n\t\t\t\t\t\t\t\t\t\t\t\t\t\t\t<h4>Infraestructura i Talent<\/h4>\n\t\t\t\t\t\t\t\t\t\t\t\t\t<\/div>\n\t\t\t\t\t<\/div>\n\t\t\t\t\t<div class=\"col-12 col-lg-5\">\n\t\t\t\t\t\t<div class=\"block-image__item-content t-m\">\n\t\t\t\t\t\t\t\t\t\t\t\t\t\t\t<p>Tecnologia capdavantera, una xarxa global d\u2019experts creatius, instal\u00b7lacions i equips d\u2019\u00faltima generaci\u00f3, i els m\u00e9s alts est\u00e0ndards de qualitat. Des de directors fins a especialistes t\u00e8cnics, col\u00b7laborem per oferir resultats de primer nivell arreu del m\u00f3n.<\/p>\n<p><a class=\"btn-contact\" href=\"#\">Projectes internacionals<\/a> <a href=\"https:\/\/weare023.com\/barcelona\/\">Vols rodar a Barcelona?<\/a><\/p>\n\t\t\t\t\t\t\t\t\t\t\t\t\t<\/div>\n\t\t\t\t\t<\/div>\n\t\t\t\t\t<div class=\"col-12 col-lg-3 offset-lg-1 d-flex justify-content-end\">\n\t\t\t\t\t\t<div class=\"block-image__item-cta t-s\">\n\t\t\t\t\t\t\t\t\t\t\t\t\t\t\t\t\t\t\t\t\t\t\t\t<a href=\"#\" class=\"btn-contact\">Contacta amb nosaltres<\/a>\n\t\t\t\t\t\t\t\t\t\t\t\t\t\t\t\t\t\t\t\t\t<\/div>\n\t\t\t\t\t<\/div>\n\t\t\t\t<\/div>\n\t\t\t<\/div>\n\t\t<\/div>\n\t<\/section>\n\t<!-- END BLOCK IMAGE -->\n","protected":false},"excerpt":{"rendered":"<p> [&#8230;]<\/p>\n<p><a class=\"btn btn-secondary 023-read-more-link\" href=\"https:\/\/weare023.com\/ca\/produce\/\">Read More&#8230;<span class=\"screen-reader-text\"> from Produce<\/span><\/a><\/p>\n","protected":false},"author":3,"featured_media":626,"parent":0,"menu_order":0,"comment_status":"closed","ping_status":"closed","template":"page-templates\/blocks.php","meta":{"_acf_changed":false,"inline_featured_image":false,"footnotes":""},"class_list":["post-699","page","type-page","status-publish","has-post-thumbnail","hentry"],"acf":[],"yoast_head":"<!-- This site is optimized with the Yoast SEO plugin v27.5 - https:\/\/yoast.com\/product\/yoast-seo-wordpress\/ -->\n<title>Productora Audiovisual Integral a Barcelona \u2013 023. Produce.<\/title>\n<meta name=\"description\" content=\"Des del rodatge fins a la postproducci\u00f3, creem contingut audiovisual amb precisi\u00f3, creativitat i una xarxa global de producci\u00f3.\" \/>\n<meta name=\"robots\" content=\"index, follow, max-snippet:-1, max-image-preview:large, max-video-preview:-1\" \/>\n<link rel=\"canonical\" href=\"https:\/\/weare023.com\/ca\/produce\/\" \/>\n<meta property=\"og:locale\" content=\"ca_ES\" \/>\n<meta property=\"og:type\" content=\"article\" \/>\n<meta property=\"og:title\" content=\"Productora Audiovisual Integral a Barcelona \u2013 023. Produce.\" \/>\n<meta property=\"og:description\" content=\"Des del rodatge fins a la postproducci\u00f3, creem contingut audiovisual amb precisi\u00f3, creativitat i una xarxa global de producci\u00f3.\" \/>\n<meta property=\"og:url\" content=\"https:\/\/weare023.com\/ca\/produce\/\" \/>\n<meta property=\"og:site_name\" content=\"023\" \/>\n<meta property=\"article:modified_time\" content=\"2026-01-16T12:35:22+00:00\" \/>\n<meta property=\"og:image\" content=\"https:\/\/weare023.com\/wp-content\/uploads\/2025\/07\/img-hero-think-scaled.png\" \/>\n\t<meta property=\"og:image:width\" content=\"2560\" \/>\n\t<meta property=\"og:image:height\" content=\"1470\" \/>\n\t<meta property=\"og:image:type\" content=\"image\/png\" \/>\n<meta name=\"twitter:card\" content=\"summary_large_image\" \/>\n<meta name=\"twitter:label1\" content=\"Temps estimat de lectura\" \/>\n\t<meta name=\"twitter:data1\" content=\"1 minut\" \/>\n<script type=\"application\/ld+json\" class=\"yoast-schema-graph\">{\"@context\":\"https:\\\/\\\/schema.org\",\"@graph\":[{\"@type\":\"WebPage\",\"@id\":\"https:\\\/\\\/weare023.com\\\/ca\\\/produce\\\/\",\"url\":\"https:\\\/\\\/weare023.com\\\/ca\\\/produce\\\/\",\"name\":\"Productora Audiovisual Integral a Barcelona \u2013 023. Produce.\",\"isPartOf\":{\"@id\":\"https:\\\/\\\/weare023.com\\\/ca\\\/#website\"},\"primaryImageOfPage\":{\"@id\":\"https:\\\/\\\/weare023.com\\\/ca\\\/produce\\\/#primaryimage\"},\"image\":{\"@id\":\"https:\\\/\\\/weare023.com\\\/ca\\\/produce\\\/#primaryimage\"},\"thumbnailUrl\":\"https:\\\/\\\/weare023.com\\\/wp-content\\\/uploads\\\/2025\\\/07\\\/img-hero-think-scaled.png\",\"datePublished\":\"2025-07-07T13:53:55+00:00\",\"dateModified\":\"2026-01-16T12:35:22+00:00\",\"description\":\"Des del rodatge fins a la postproducci\u00f3, creem contingut audiovisual amb precisi\u00f3, creativitat i una xarxa global de producci\u00f3.\",\"breadcrumb\":{\"@id\":\"https:\\\/\\\/weare023.com\\\/ca\\\/produce\\\/#breadcrumb\"},\"inLanguage\":\"ca\",\"potentialAction\":[{\"@type\":\"ReadAction\",\"target\":[\"https:\\\/\\\/weare023.com\\\/ca\\\/produce\\\/\"]}]},{\"@type\":\"ImageObject\",\"inLanguage\":\"ca\",\"@id\":\"https:\\\/\\\/weare023.com\\\/ca\\\/produce\\\/#primaryimage\",\"url\":\"https:\\\/\\\/weare023.com\\\/wp-content\\\/uploads\\\/2025\\\/07\\\/img-hero-think-scaled.png\",\"contentUrl\":\"https:\\\/\\\/weare023.com\\\/wp-content\\\/uploads\\\/2025\\\/07\\\/img-hero-think-scaled.png\",\"width\":2560,\"height\":1470,\"caption\":\"Produce Header\"},{\"@type\":\"BreadcrumbList\",\"@id\":\"https:\\\/\\\/weare023.com\\\/ca\\\/produce\\\/#breadcrumb\",\"itemListElement\":[{\"@type\":\"ListItem\",\"position\":1,\"name\":\"Home\",\"item\":\"https:\\\/\\\/weare023.com\\\/ca\\\/\"},{\"@type\":\"ListItem\",\"position\":2,\"name\":\"Produce\"}]},{\"@type\":\"WebSite\",\"@id\":\"https:\\\/\\\/weare023.com\\\/ca\\\/#website\",\"url\":\"https:\\\/\\\/weare023.com\\\/ca\\\/\",\"name\":\"023\",\"description\":\"\",\"publisher\":{\"@id\":\"https:\\\/\\\/weare023.com\\\/ca\\\/#organization\"},\"potentialAction\":[{\"@type\":\"SearchAction\",\"target\":{\"@type\":\"EntryPoint\",\"urlTemplate\":\"https:\\\/\\\/weare023.com\\\/ca\\\/?s={search_term_string}\"},\"query-input\":{\"@type\":\"PropertyValueSpecification\",\"valueRequired\":true,\"valueName\":\"search_term_string\"}}],\"inLanguage\":\"ca\"},{\"@type\":\"Organization\",\"@id\":\"https:\\\/\\\/weare023.com\\\/ca\\\/#organization\",\"name\":\"023\",\"url\":\"https:\\\/\\\/weare023.com\\\/ca\\\/\",\"logo\":{\"@type\":\"ImageObject\",\"inLanguage\":\"ca\",\"@id\":\"https:\\\/\\\/weare023.com\\\/ca\\\/#\\\/schema\\\/logo\\\/image\\\/\",\"url\":\"https:\\\/\\\/weare023.com\\\/wp-content\\\/uploads\\\/2025\\\/07\\\/we-are-023-logo.svg\",\"contentUrl\":\"https:\\\/\\\/weare023.com\\\/wp-content\\\/uploads\\\/2025\\\/07\\\/we-are-023-logo.svg\",\"caption\":\"023\"},\"image\":{\"@id\":\"https:\\\/\\\/weare023.com\\\/ca\\\/#\\\/schema\\\/logo\\\/image\\\/\"},\"sameAs\":[\"https:\\\/\\\/vimeo.com\\\/o23\",\"https:\\\/\\\/www.youtube.com\\\/channel\\\/UCgIWa9SATr_fC5r1qfkJ3Xg\",\"https:\\\/\\\/www.instagram.com\\\/023.think.create.produce\\\/\",\"https:\\\/\\\/es.linkedin.com\\\/company\\\/023thinkcreateproduce\"]}]}<\/script>\n<!-- \/ Yoast SEO plugin. -->","yoast_head_json":{"title":"Productora Audiovisual Integral a Barcelona \u2013 023. Produce.","description":"Des del rodatge fins a la postproducci\u00f3, creem contingut audiovisual amb precisi\u00f3, creativitat i una xarxa global de producci\u00f3.","robots":{"index":"index","follow":"follow","max-snippet":"max-snippet:-1","max-image-preview":"max-image-preview:large","max-video-preview":"max-video-preview:-1"},"canonical":"https:\/\/weare023.com\/ca\/produce\/","og_locale":"ca_ES","og_type":"article","og_title":"Productora Audiovisual Integral a Barcelona \u2013 023. Produce.","og_description":"Des del rodatge fins a la postproducci\u00f3, creem contingut audiovisual amb precisi\u00f3, creativitat i una xarxa global de producci\u00f3.","og_url":"https:\/\/weare023.com\/ca\/produce\/","og_site_name":"023","article_modified_time":"2026-01-16T12:35:22+00:00","og_image":[{"width":2560,"height":1470,"url":"https:\/\/weare023.com\/wp-content\/uploads\/2025\/07\/img-hero-think-scaled.png","type":"image\/png"}],"twitter_card":"summary_large_image","twitter_misc":{"Temps estimat de lectura":"1 minut"},"schema":{"@context":"https:\/\/schema.org","@graph":[{"@type":"WebPage","@id":"https:\/\/weare023.com\/ca\/produce\/","url":"https:\/\/weare023.com\/ca\/produce\/","name":"Productora Audiovisual Integral a Barcelona \u2013 023. Produce.","isPartOf":{"@id":"https:\/\/weare023.com\/ca\/#website"},"primaryImageOfPage":{"@id":"https:\/\/weare023.com\/ca\/produce\/#primaryimage"},"image":{"@id":"https:\/\/weare023.com\/ca\/produce\/#primaryimage"},"thumbnailUrl":"https:\/\/weare023.com\/wp-content\/uploads\/2025\/07\/img-hero-think-scaled.png","datePublished":"2025-07-07T13:53:55+00:00","dateModified":"2026-01-16T12:35:22+00:00","description":"Des del rodatge fins a la postproducci\u00f3, creem contingut audiovisual amb precisi\u00f3, creativitat i una xarxa global de producci\u00f3.","breadcrumb":{"@id":"https:\/\/weare023.com\/ca\/produce\/#breadcrumb"},"inLanguage":"ca","potentialAction":[{"@type":"ReadAction","target":["https:\/\/weare023.com\/ca\/produce\/"]}]},{"@type":"ImageObject","inLanguage":"ca","@id":"https:\/\/weare023.com\/ca\/produce\/#primaryimage","url":"https:\/\/weare023.com\/wp-content\/uploads\/2025\/07\/img-hero-think-scaled.png","contentUrl":"https:\/\/weare023.com\/wp-content\/uploads\/2025\/07\/img-hero-think-scaled.png","width":2560,"height":1470,"caption":"Produce Header"},{"@type":"BreadcrumbList","@id":"https:\/\/weare023.com\/ca\/produce\/#breadcrumb","itemListElement":[{"@type":"ListItem","position":1,"name":"Home","item":"https:\/\/weare023.com\/ca\/"},{"@type":"ListItem","position":2,"name":"Produce"}]},{"@type":"WebSite","@id":"https:\/\/weare023.com\/ca\/#website","url":"https:\/\/weare023.com\/ca\/","name":"023","description":"","publisher":{"@id":"https:\/\/weare023.com\/ca\/#organization"},"potentialAction":[{"@type":"SearchAction","target":{"@type":"EntryPoint","urlTemplate":"https:\/\/weare023.com\/ca\/?s={search_term_string}"},"query-input":{"@type":"PropertyValueSpecification","valueRequired":true,"valueName":"search_term_string"}}],"inLanguage":"ca"},{"@type":"Organization","@id":"https:\/\/weare023.com\/ca\/#organization","name":"023","url":"https:\/\/weare023.com\/ca\/","logo":{"@type":"ImageObject","inLanguage":"ca","@id":"https:\/\/weare023.com\/ca\/#\/schema\/logo\/image\/","url":"https:\/\/weare023.com\/wp-content\/uploads\/2025\/07\/we-are-023-logo.svg","contentUrl":"https:\/\/weare023.com\/wp-content\/uploads\/2025\/07\/we-are-023-logo.svg","caption":"023"},"image":{"@id":"https:\/\/weare023.com\/ca\/#\/schema\/logo\/image\/"},"sameAs":["https:\/\/vimeo.com\/o23","https:\/\/www.youtube.com\/channel\/UCgIWa9SATr_fC5r1qfkJ3Xg","https:\/\/www.instagram.com\/023.think.create.produce\/","https:\/\/es.linkedin.com\/company\/023thinkcreateproduce"]}]}},"_links":{"self":[{"href":"https:\/\/weare023.com\/ca\/wp-json\/wp\/v2\/pages\/699","targetHints":{"allow":["GET"]}}],"collection":[{"href":"https:\/\/weare023.com\/ca\/wp-json\/wp\/v2\/pages"}],"about":[{"href":"https:\/\/weare023.com\/ca\/wp-json\/wp\/v2\/types\/page"}],"author":[{"embeddable":true,"href":"https:\/\/weare023.com\/ca\/wp-json\/wp\/v2\/users\/3"}],"replies":[{"embeddable":true,"href":"https:\/\/weare023.com\/ca\/wp-json\/wp\/v2\/comments?post=699"}],"version-history":[{"count":3,"href":"https:\/\/weare023.com\/ca\/wp-json\/wp\/v2\/pages\/699\/revisions"}],"predecessor-version":[{"id":1310,"href":"https:\/\/weare023.com\/ca\/wp-json\/wp\/v2\/pages\/699\/revisions\/1310"}],"wp:featuredmedia":[{"embeddable":true,"href":"https:\/\/weare023.com\/ca\/wp-json\/wp\/v2\/media\/626"}],"wp:attachment":[{"href":"https:\/\/weare023.com\/ca\/wp-json\/wp\/v2\/media?parent=699"}],"curies":[{"name":"wp","href":"https:\/\/api.w.org\/{rel}","templated":true}]}}