{"id":711,"date":"2025-07-07T07:11:33","date_gmt":"2025-07-07T07:11:33","guid":{"rendered":"https:\/\/weare023.com\/barcelona\/"},"modified":"2025-10-23T10:29:32","modified_gmt":"2025-10-23T10:29:32","slug":"barcelona","status":"publish","type":"page","link":"https:\/\/weare023.com\/ca\/barcelona\/","title":{"rendered":"Barcelona"},"content":{"rendered":"\t<!-- BLOCK HEADER -->\n\t<section id=acf-block-686b73dd5335a class=\"block-header\">\n\t\t<div class=\"container-fluid\">\n\t\t\t<div class=\"row\">\n\t\t\t\t<div class=\"col-12 col-lg-6\">\n\t\t\t\t\t<div class=\"block-header__title\">\n\t\t\t\t\t\t\t\t\t\t\t\t\t<h1 class=\"t-xl\">Vols rodar a Barcelona?<\/h1>\n\t\t\t\t\t\t\t\t\t\t\t\t\t\t\t\t\t\t\t<h2 class=\"t-s\">Oferim serveis de producci\u00f3 integral per a ag\u00e8ncies i productores que volen rodar a Barcelona.<\/h2>\n\t\t\t\t\t\t\t\t\t\t\t<\/div>\n\t\t\t\t<\/div>\n\t\t\t<\/div>\n\t\t\t\t\t\t\t<div class=\"row\">\n\t\t\t\t\t<div class=\"col-12\">\n\t\t\t\t\t\t<div class=\"block-header__image\">\n\t\t\t\t\t\t\t\t\t\t\t\t\t\t\t\t\t\t\t\t\t\t<img decoding=\"async\" width=\"1468\" height=\"845\" src=\"https:\/\/weare023.com\/wp-content\/uploads\/2025\/07\/barcelona.png\" class=\"\" alt=\"La Sagrada Fam\u00edlia from Barcelona\" srcset=\"https:\/\/weare023.com\/wp-content\/uploads\/2025\/07\/barcelona.png 1468w, https:\/\/weare023.com\/wp-content\/uploads\/2025\/07\/barcelona-300x173.png 300w, https:\/\/weare023.com\/wp-content\/uploads\/2025\/07\/barcelona-1024x589.png 1024w, https:\/\/weare023.com\/wp-content\/uploads\/2025\/07\/barcelona-768x442.png 768w\" sizes=\"(max-width: 1468px) 100vw, 1468px\" \/>\t\t\t\t\t\t\t\t\t\t\t\t\t<\/div>\n\t\t\t\t\t<\/div>\n\t\t\t\t<\/div>\n\t\t\t\t\t<\/div>\n\t<\/section>\n\t<!-- END BLOCK HEADER -->\n\n\n<section class=\"section-gutenberg\"><div class=\"container-fluid\">\n<div class=\"wp-block-columns is-layout-flex wp-container-core-columns-is-layout-9d6595d7 wp-block-columns-is-layout-flex\">\n<div class=\"wp-block-column is-layout-flow wp-block-column-is-layout-flow\">\n<h2 class=\"wp-block-heading\">A 023 oferim serveis de producci\u00f3 integral a ag\u00e8ncies i productores que vulguin rodar a Barcelona i a la resta de l\u2019Estat.<\/h2>\n<\/div>\n<\/div>\n<\/div><\/section>\n\n<div class=\"container-fluid\">\n<hr class=\"wp-block-separator has-alpha-channel-opacity\"\/>\n<\/div>\n\n<section class=\"section-gutenberg\"><div class=\"container-fluid\">\n<div class=\"wp-block-columns is-layout-flex wp-container-core-columns-is-layout-9d6595d7 wp-block-columns-is-layout-flex\">\n<div class=\"wp-block-column is-layout-flow wp-block-column-is-layout-flow\">\n<h4 class=\"wp-block-heading\">Amb un equip creatiu amb gran coneixement local i anys de traject\u00f2ria produint continguts per a ag\u00e8ncies i marques internacionals de primer nivell, oferim la confian\u00e7a i la tranquil\u00b7litat que necessites quan rodes a Barcelona.<\/h4>\n<\/div>\n\n\n\n<div class=\"wp-block-column is-layout-flow wp-block-column-is-layout-flow\">\n<p class=\"has-text-align-right\"><a href=\"#\">Contacta amb nosaltres<\/a><\/p>\n<\/div>\n<\/div>\n<\/div><\/section>\n\n<section class=\"section-gutenberg\"><div class=\"container-fluid\">\n<div class=\"wp-block-columns is-layout-flex wp-container-core-columns-is-layout-9d6595d7 wp-block-columns-is-layout-flex\">\n<div class=\"wp-block-column is-layout-flow wp-block-column-is-layout-flow\" style=\"flex-basis:25%\"><\/div>\n\n\n\n<div class=\"wp-block-column is-layout-flow wp-block-column-is-layout-flow\" style=\"flex-basis:50%\">\n<figure class=\"wp-block-image size-large\"><img decoding=\"async\" width=\"1024\" height=\"589\" src=\"https:\/\/weare023.com\/wp-content\/uploads\/2025\/07\/barcelona-1024x589.png\" alt=\"\" class=\"wp-image-164\" srcset=\"https:\/\/weare023.com\/wp-content\/uploads\/2025\/07\/barcelona-1024x589.png 1024w, https:\/\/weare023.com\/wp-content\/uploads\/2025\/07\/barcelona-300x173.png 300w, https:\/\/weare023.com\/wp-content\/uploads\/2025\/07\/barcelona-768x442.png 768w, https:\/\/weare023.com\/wp-content\/uploads\/2025\/07\/barcelona.png 1468w\" sizes=\"(max-width: 1024px) 100vw, 1024px\" \/><\/figure>\n<\/div>\n\n\n\n<div class=\"wp-block-column is-layout-flow wp-block-column-is-layout-flow\" style=\"flex-basis:25%\"><\/div>\n<\/div>\n<\/div><\/section>\n\n<section class=\"section-gutenberg\"><div class=\"container-fluid\">\n<div class=\"wp-block-columns is-layout-flex wp-container-core-columns-is-layout-9d6595d7 wp-block-columns-is-layout-flex\">\n<div class=\"wp-block-column is-layout-flow wp-block-column-is-layout-flow\">\n<h3 class=\"wp-block-heading\">Especialistes en rodatges de v\u00eddeo i fotografia a Barcelona.<\/h3>\n<\/div>\n\n\n\n<div class=\"wp-block-column is-layout-flow wp-block-column-is-layout-flow\"><\/div>\n<\/div>\n<\/div><\/section>\n\n<div class=\"container-fluid\">\n<hr class=\"wp-block-separator has-alpha-channel-opacity\"\/>\n<\/div>\n\n<section class=\"section-gutenberg\"><div class=\"container-fluid\">\n<div class=\"wp-block-columns is-layout-flex wp-container-core-columns-is-layout-9d6595d7 wp-block-columns-is-layout-flex\">\n<div class=\"wp-block-column is-layout-flow wp-block-column-is-layout-flow\">\n<p>Equip de producci\u00f3 multiling\u00fce.<\/p>\n<\/div>\n\n\n\n<div class=\"wp-block-column is-layout-flow wp-block-column-is-layout-flow\">\n<h4 class=\"wp-block-heading\">Recerca i gesti\u00f3 de localitzacions, planificaci\u00f3 de producci\u00f3, c\u00e0sting i selecci\u00f3 de talent, cobertura d\u2019esdeveniments i congressos, lloguer d\u2019equipament, fotografia i retoc, edici\u00f3 i postproducci\u00f3, transport, viatges, allotjament i tours, restaurants i activitats.<\/h4>\n<\/div>\n<\/div>\n<\/div><\/section>\n\n<div class=\"container-fluid\">\n<hr class=\"wp-block-separator has-alpha-channel-opacity\"\/>\n<\/div>\n\n<section class=\"section-gutenberg\"><div class=\"container-fluid\">\n<div class=\"wp-block-columns is-layout-flex wp-container-core-columns-is-layout-9d6595d7 wp-block-columns-is-layout-flex\">\n<div class=\"wp-block-column is-layout-flow wp-block-column-is-layout-flow\">\n<p>Equip<\/p>\n<\/div>\n\n\n\n<div class=\"wp-block-column is-layout-flow wp-block-column-is-layout-flow\">\n<h4 class=\"wp-block-heading\">Creativitat, experi\u00e8ncia i versatilitat. A 023 unim producci\u00f3, postproducci\u00f3 i els millors col\u00b7laboradors per oferir sempre resultats excel\u00b7lents.<\/h4>\n<\/div>\n<\/div>\n<\/div><\/section>","protected":false},"excerpt":{"rendered":"<p>A 023 oferim serveis de producci\u00f3 integral a ag\u00e8ncies i productores que vulguin rodar a Barcelona i a la resta de l\u2019Estat. Amb un equip creatiu amb gran coneixement local i anys de traject\u00f2ria produint continguts per a ag\u00e8ncies i marques internacionals de primer nivell, oferim la confian\u00e7a i la tranquil\u00b7litat que necessites quan rodes [&#8230;]<\/p>\n<p><a class=\"btn btn-secondary 023-read-more-link\" href=\"https:\/\/weare023.com\/ca\/barcelona\/\">Read More&#8230;<span class=\"screen-reader-text\"> from Barcelona<\/span><\/a><\/p>\n","protected":false},"author":3,"featured_media":712,"parent":0,"menu_order":0,"comment_status":"closed","ping_status":"closed","template":"","meta":{"_acf_changed":false,"inline_featured_image":false,"footnotes":""},"class_list":["post-711","page","type-page","status-publish","has-post-thumbnail","hentry"],"acf":[],"yoast_head":"<!-- This site is optimized with the Yoast SEO plugin v27.5 - https:\/\/yoast.com\/product\/yoast-seo-wordpress\/ -->\n<title>Serveis de Producci\u00f3 a Barcelona per a Ag\u00e8ncies \u2013 Roda amb 023<\/title>\n<meta name=\"description\" content=\"Equip que parla angl\u00e8s, experts locals i serveis de producci\u00f3 complets per a ag\u00e8ncies que roden a Barcelona i arreu d\u2019Espanya.\" \/>\n<meta name=\"robots\" content=\"index, follow, max-snippet:-1, max-image-preview:large, max-video-preview:-1\" \/>\n<link rel=\"canonical\" href=\"https:\/\/weare023.com\/ca\/barcelona\/\" \/>\n<meta property=\"og:locale\" content=\"ca_ES\" \/>\n<meta property=\"og:type\" content=\"article\" \/>\n<meta property=\"og:title\" content=\"Serveis de Producci\u00f3 a Barcelona per a Ag\u00e8ncies \u2013 Roda amb 023\" \/>\n<meta property=\"og:description\" content=\"Equip que parla angl\u00e8s, experts locals i serveis de producci\u00f3 complets per a ag\u00e8ncies que roden a Barcelona i arreu d\u2019Espanya.\" \/>\n<meta property=\"og:url\" content=\"https:\/\/weare023.com\/ca\/barcelona\/\" \/>\n<meta property=\"og:site_name\" content=\"023\" \/>\n<meta property=\"article:modified_time\" content=\"2025-10-23T10:29:32+00:00\" \/>\n<meta property=\"og:image\" content=\"https:\/\/weare023.com\/wp-content\/uploads\/2025\/07\/barcelona-1024x589.png\" \/>\n\t<meta property=\"og:image:width\" content=\"1024\" \/>\n\t<meta property=\"og:image:height\" content=\"589\" \/>\n\t<meta property=\"og:image:type\" content=\"image\/png\" \/>\n<meta name=\"twitter:card\" content=\"summary_large_image\" \/>\n<meta name=\"twitter:label1\" content=\"Temps estimat de lectura\" \/>\n\t<meta name=\"twitter:data1\" content=\"2 minuts\" \/>\n<script type=\"application\/ld+json\" class=\"yoast-schema-graph\">{\"@context\":\"https:\\\/\\\/schema.org\",\"@graph\":[{\"@type\":\"WebPage\",\"@id\":\"https:\\\/\\\/weare023.com\\\/ca\\\/barcelona\\\/\",\"url\":\"https:\\\/\\\/weare023.com\\\/ca\\\/barcelona\\\/\",\"name\":\"Serveis de Producci\u00f3 a Barcelona per a Ag\u00e8ncies \u2013 Roda amb 023\",\"isPartOf\":{\"@id\":\"https:\\\/\\\/weare023.com\\\/ca\\\/#website\"},\"primaryImageOfPage\":{\"@id\":\"https:\\\/\\\/weare023.com\\\/ca\\\/barcelona\\\/#primaryimage\"},\"image\":{\"@id\":\"https:\\\/\\\/weare023.com\\\/ca\\\/barcelona\\\/#primaryimage\"},\"thumbnailUrl\":\"https:\\\/\\\/weare023.com\\\/wp-content\\\/uploads\\\/2025\\\/07\\\/barcelona.png\",\"datePublished\":\"2025-07-07T07:11:33+00:00\",\"dateModified\":\"2025-10-23T10:29:32+00:00\",\"description\":\"Equip que parla angl\u00e8s, experts locals i serveis de producci\u00f3 complets per a ag\u00e8ncies que roden a Barcelona i arreu d\u2019Espanya.\",\"breadcrumb\":{\"@id\":\"https:\\\/\\\/weare023.com\\\/ca\\\/barcelona\\\/#breadcrumb\"},\"inLanguage\":\"ca\",\"potentialAction\":[{\"@type\":\"ReadAction\",\"target\":[\"https:\\\/\\\/weare023.com\\\/ca\\\/barcelona\\\/\"]}]},{\"@type\":\"ImageObject\",\"inLanguage\":\"ca\",\"@id\":\"https:\\\/\\\/weare023.com\\\/ca\\\/barcelona\\\/#primaryimage\",\"url\":\"https:\\\/\\\/weare023.com\\\/wp-content\\\/uploads\\\/2025\\\/07\\\/barcelona.png\",\"contentUrl\":\"https:\\\/\\\/weare023.com\\\/wp-content\\\/uploads\\\/2025\\\/07\\\/barcelona.png\",\"width\":1468,\"height\":845,\"caption\":\"La Sagrada Fam\u00edlia from Barcelona\"},{\"@type\":\"BreadcrumbList\",\"@id\":\"https:\\\/\\\/weare023.com\\\/ca\\\/barcelona\\\/#breadcrumb\",\"itemListElement\":[{\"@type\":\"ListItem\",\"position\":1,\"name\":\"Home\",\"item\":\"https:\\\/\\\/weare023.com\\\/ca\\\/\"},{\"@type\":\"ListItem\",\"position\":2,\"name\":\"Barcelona\"}]},{\"@type\":\"WebSite\",\"@id\":\"https:\\\/\\\/weare023.com\\\/ca\\\/#website\",\"url\":\"https:\\\/\\\/weare023.com\\\/ca\\\/\",\"name\":\"023\",\"description\":\"\",\"publisher\":{\"@id\":\"https:\\\/\\\/weare023.com\\\/ca\\\/#organization\"},\"potentialAction\":[{\"@type\":\"SearchAction\",\"target\":{\"@type\":\"EntryPoint\",\"urlTemplate\":\"https:\\\/\\\/weare023.com\\\/ca\\\/?s={search_term_string}\"},\"query-input\":{\"@type\":\"PropertyValueSpecification\",\"valueRequired\":true,\"valueName\":\"search_term_string\"}}],\"inLanguage\":\"ca\"},{\"@type\":\"Organization\",\"@id\":\"https:\\\/\\\/weare023.com\\\/ca\\\/#organization\",\"name\":\"023\",\"url\":\"https:\\\/\\\/weare023.com\\\/ca\\\/\",\"logo\":{\"@type\":\"ImageObject\",\"inLanguage\":\"ca\",\"@id\":\"https:\\\/\\\/weare023.com\\\/ca\\\/#\\\/schema\\\/logo\\\/image\\\/\",\"url\":\"https:\\\/\\\/weare023.com\\\/wp-content\\\/uploads\\\/2025\\\/07\\\/we-are-023-logo.svg\",\"contentUrl\":\"https:\\\/\\\/weare023.com\\\/wp-content\\\/uploads\\\/2025\\\/07\\\/we-are-023-logo.svg\",\"caption\":\"023\"},\"image\":{\"@id\":\"https:\\\/\\\/weare023.com\\\/ca\\\/#\\\/schema\\\/logo\\\/image\\\/\"},\"sameAs\":[\"https:\\\/\\\/vimeo.com\\\/o23\",\"https:\\\/\\\/www.youtube.com\\\/channel\\\/UCgIWa9SATr_fC5r1qfkJ3Xg\",\"https:\\\/\\\/www.instagram.com\\\/023.think.create.produce\\\/\",\"https:\\\/\\\/es.linkedin.com\\\/company\\\/023thinkcreateproduce\"]}]}<\/script>\n<!-- \/ Yoast SEO plugin. -->","yoast_head_json":{"title":"Serveis de Producci\u00f3 a Barcelona per a Ag\u00e8ncies \u2013 Roda amb 023","description":"Equip que parla angl\u00e8s, experts locals i serveis de producci\u00f3 complets per a ag\u00e8ncies que roden a Barcelona i arreu d\u2019Espanya.","robots":{"index":"index","follow":"follow","max-snippet":"max-snippet:-1","max-image-preview":"max-image-preview:large","max-video-preview":"max-video-preview:-1"},"canonical":"https:\/\/weare023.com\/ca\/barcelona\/","og_locale":"ca_ES","og_type":"article","og_title":"Serveis de Producci\u00f3 a Barcelona per a Ag\u00e8ncies \u2013 Roda amb 023","og_description":"Equip que parla angl\u00e8s, experts locals i serveis de producci\u00f3 complets per a ag\u00e8ncies que roden a Barcelona i arreu d\u2019Espanya.","og_url":"https:\/\/weare023.com\/ca\/barcelona\/","og_site_name":"023","article_modified_time":"2025-10-23T10:29:32+00:00","og_image":[{"width":1024,"height":589,"url":"https:\/\/weare023.com\/wp-content\/uploads\/2025\/07\/barcelona-1024x589.png","type":"image\/png"}],"twitter_card":"summary_large_image","twitter_misc":{"Temps estimat de lectura":"2 minuts"},"schema":{"@context":"https:\/\/schema.org","@graph":[{"@type":"WebPage","@id":"https:\/\/weare023.com\/ca\/barcelona\/","url":"https:\/\/weare023.com\/ca\/barcelona\/","name":"Serveis de Producci\u00f3 a Barcelona per a Ag\u00e8ncies \u2013 Roda amb 023","isPartOf":{"@id":"https:\/\/weare023.com\/ca\/#website"},"primaryImageOfPage":{"@id":"https:\/\/weare023.com\/ca\/barcelona\/#primaryimage"},"image":{"@id":"https:\/\/weare023.com\/ca\/barcelona\/#primaryimage"},"thumbnailUrl":"https:\/\/weare023.com\/wp-content\/uploads\/2025\/07\/barcelona.png","datePublished":"2025-07-07T07:11:33+00:00","dateModified":"2025-10-23T10:29:32+00:00","description":"Equip que parla angl\u00e8s, experts locals i serveis de producci\u00f3 complets per a ag\u00e8ncies que roden a Barcelona i arreu d\u2019Espanya.","breadcrumb":{"@id":"https:\/\/weare023.com\/ca\/barcelona\/#breadcrumb"},"inLanguage":"ca","potentialAction":[{"@type":"ReadAction","target":["https:\/\/weare023.com\/ca\/barcelona\/"]}]},{"@type":"ImageObject","inLanguage":"ca","@id":"https:\/\/weare023.com\/ca\/barcelona\/#primaryimage","url":"https:\/\/weare023.com\/wp-content\/uploads\/2025\/07\/barcelona.png","contentUrl":"https:\/\/weare023.com\/wp-content\/uploads\/2025\/07\/barcelona.png","width":1468,"height":845,"caption":"La Sagrada Fam\u00edlia from Barcelona"},{"@type":"BreadcrumbList","@id":"https:\/\/weare023.com\/ca\/barcelona\/#breadcrumb","itemListElement":[{"@type":"ListItem","position":1,"name":"Home","item":"https:\/\/weare023.com\/ca\/"},{"@type":"ListItem","position":2,"name":"Barcelona"}]},{"@type":"WebSite","@id":"https:\/\/weare023.com\/ca\/#website","url":"https:\/\/weare023.com\/ca\/","name":"023","description":"","publisher":{"@id":"https:\/\/weare023.com\/ca\/#organization"},"potentialAction":[{"@type":"SearchAction","target":{"@type":"EntryPoint","urlTemplate":"https:\/\/weare023.com\/ca\/?s={search_term_string}"},"query-input":{"@type":"PropertyValueSpecification","valueRequired":true,"valueName":"search_term_string"}}],"inLanguage":"ca"},{"@type":"Organization","@id":"https:\/\/weare023.com\/ca\/#organization","name":"023","url":"https:\/\/weare023.com\/ca\/","logo":{"@type":"ImageObject","inLanguage":"ca","@id":"https:\/\/weare023.com\/ca\/#\/schema\/logo\/image\/","url":"https:\/\/weare023.com\/wp-content\/uploads\/2025\/07\/we-are-023-logo.svg","contentUrl":"https:\/\/weare023.com\/wp-content\/uploads\/2025\/07\/we-are-023-logo.svg","caption":"023"},"image":{"@id":"https:\/\/weare023.com\/ca\/#\/schema\/logo\/image\/"},"sameAs":["https:\/\/vimeo.com\/o23","https:\/\/www.youtube.com\/channel\/UCgIWa9SATr_fC5r1qfkJ3Xg","https:\/\/www.instagram.com\/023.think.create.produce\/","https:\/\/es.linkedin.com\/company\/023thinkcreateproduce"]}]}},"_links":{"self":[{"href":"https:\/\/weare023.com\/ca\/wp-json\/wp\/v2\/pages\/711","targetHints":{"allow":["GET"]}}],"collection":[{"href":"https:\/\/weare023.com\/ca\/wp-json\/wp\/v2\/pages"}],"about":[{"href":"https:\/\/weare023.com\/ca\/wp-json\/wp\/v2\/types\/page"}],"author":[{"embeddable":true,"href":"https:\/\/weare023.com\/ca\/wp-json\/wp\/v2\/users\/3"}],"replies":[{"embeddable":true,"href":"https:\/\/weare023.com\/ca\/wp-json\/wp\/v2\/comments?post=711"}],"version-history":[{"count":1,"href":"https:\/\/weare023.com\/ca\/wp-json\/wp\/v2\/pages\/711\/revisions"}],"predecessor-version":[{"id":718,"href":"https:\/\/weare023.com\/ca\/wp-json\/wp\/v2\/pages\/711\/revisions\/718"}],"wp:featuredmedia":[{"embeddable":true,"href":"https:\/\/weare023.com\/ca\/wp-json\/wp\/v2\/media\/712"}],"wp:attachment":[{"href":"https:\/\/weare023.com\/ca\/wp-json\/wp\/v2\/media?parent=711"}],"curies":[{"name":"wp","href":"https:\/\/api.w.org\/{rel}","templated":true}]}}