{"id":701,"date":"2025-07-07T13:53:55","date_gmt":"2025-07-07T13:53:55","guid":{"rendered":"https:\/\/weare023.com\/produce\/"},"modified":"2026-01-16T12:36:23","modified_gmt":"2026-01-16T12:36:23","slug":"produce","status":"publish","type":"page","link":"https:\/\/weare023.com\/es\/produce\/","title":{"rendered":"Produce"},"content":{"rendered":"\t<!-- BLOCK HEADER -->\n\t<section id=acf-block-686bd4e4703ab class=\"block-header\">\n\t\t<div class=\"container-fluid\">\n\t\t\t<div class=\"row\">\n\t\t\t\t<div class=\"col-12 col-lg-6\">\n\t\t\t\t\t<div class=\"block-header__title\">\n\t\t\t\t\t\t\t\t\t\t\t\t\t<h1 class=\"t-xl\">Damos forma a tus ideas<\/h1>\n\t\t\t\t\t\t\t\t\t\t\t\t\t\t\t\t\t\t\t<h2 class=\"t-s\">creando productos audiovisuales hechos a medida y cuidados hasta el \u00faltimo detalle<\/h2>\n\t\t\t\t\t\t\t\t\t\t\t<\/div>\n\t\t\t\t<\/div>\n\t\t\t<\/div>\n\t\t\t\t\t\t\t<div class=\"row\">\n\t\t\t\t\t<div class=\"col-12\">\n\t\t\t\t\t\t<div class=\"block-header__image\">\n\t\t\t\t\t\t\t\t\t\t\t\t\t\t\t\t\t\t\t\t\t\t<video class=\"hero_video\" autoplay playsinline muted loop poster=\"https:\/\/weare023.com\/wp-content\/uploads\/2025\/07\/img-hero-produce-scaled.png\">\n\t\t\t\t\t\t\t\t  <source src=\"https:\/\/player.vimeo.com\/progressive_redirect\/playback\/1155008775\/rendition\/1080p\/file.mp4%20%281080p%29.mp4?loc=external&#038;log_user=0&#038;signature=6d74832b2fab5aa484cd119eea02d57cea42be1084165f0a3d7cbfc225a57909\" type=\"video\/mp4\">\n\t\t\t\t\t\t\t\t  Your browser does not support the video tag.\n\t\t\t\t\t\t\t\t<\/video>\n\t\t\t\t\t\t\t\t\t\t\t\t\t<\/div>\n\t\t\t\t\t<\/div>\n\t\t\t\t<\/div>\n\t\t\t\t\t<\/div>\n\t<\/section>\n\t<!-- END BLOCK HEADER -->\n\n\n\t<!-- BLOCK INTRO -->\n\t<section id=acf-block-686bd4e470a3b  class=\"block-intro\">\n\t\t<div class=\"container-fluid\">\n\t\t\t<div class=\"row\">\n\t\t\t\t<div class=\"col-12\">\n\t\t\t\t\t<div class=\"block-intro__text spacer-wrap spacer-wrap-big\">\n\t\t\t\t\t\t\t\t\t\t\t\t\t<h4 class=\"t-s top-text split-anim\">Produce<\/h4>\n\t\t\t\t\t\t\t\t\t\t\t\t\t\t\t\t\t\t\t<h2 class=\"t-xl spacer-text split-anim\"><span class=\"spacer\"><\/span>La creatividad se transforma en realidad. Aqu\u00ed empieza nuestra producci\u00f3n audiovisual integral, asegurando el m\u00e1ximo nivel de calidad.<\/h2>\n\t\t\t\t\t\t\t\t\t\t\t<\/div>\n\t\t\t\t<\/div>\n\t\t\t<\/div>\n\t\t<\/div>\n\t<\/section>\n\t<!-- END BLOCK INTRO -->\n\n\n\t<!-- TEXT BLOCK -->\n\t<section id=acf-block-686bd4e471900  class=\"block-text\">\n\t\t<div class=\"block-text__header\">\n\t\t\t<div class=\"container-fluid\">\n\t\t\t\t<div class=\"row d-flex align-items-end\">\n\t\t\t\t\t<div class=\"col-12 col-lg-6\">\n\t\t\t\t\t\t<div class=\"block-text__header-title t-l\">\n\t\t\t\t\t\t\t\t\t\t\t\t\t\t\t<h3 class=\"split-anim\">Descubre nuestras capacidades de producci\u00f3n de principio a fin \u2014 desde la cinematograf\u00eda, el casting, la b\u00fasqueda de localizaciones y la edici\u00f3n, hasta la postproducci\u00f3n.<\/h3>\n\t\t\t\t\t\t\t\t\t\t\t\t\t<\/div>\n\t\t\t\t\t<\/div>\n\t\t\t\t\t<div class=\"col-12 col-lg-6 d-flex justify-content-lg-end\">\n\t\t\t\t\t\t<div class=\"block-text__header-subtitle t-s\">\n\t\t\t\t\t\t\t\t\t\t\t\t\t\t\t<p class=\"split-anim\"><p>Una productora 360\u00ba<\/p>\n<\/p>\n\t\t\t\t\t\t\t\t\t\t\t\t\t<\/div>\n\t\t\t\t\t<\/div>\n\t\t\t\t<\/div>\n\t\t\t<\/div>\n\t\t<\/div>\n\t\t\t\t\t\t\t\t\t<div class=\"block-text__item\">\n\t\t\t\t\t<div class=\"container-fluid\">\n\t\t\t\t\t\t<div class=\"row\">\n\t\t\t\t\t\t\t<div class=\"col-12\">\n\t\t\t\t\t\t\t\t<div class=\"border-separator\"><\/div>\n\t\t\t\t\t\t\t<\/div>\n\t\t\t\t\t\t<\/div>\n\t\t\t\t\t\t<div class=\"row d-flex align-items-baseline\">\n\t\t\t\t\t\t\t<div class=\"col-12 col-lg-3\">\n\t\t\t\t\t\t\t\t<div class=\"block-text__item-title t-s\">\n\t\t\t\t\t\t\t\t\t\t\t\t\t\t\t\t\t\t\t<h4 class=\"split-anim\">Servicios<\/h4>\n\t\t\t\t\t\t\t\t\t\t\t\t\t\t\t\t\t<\/div>\n\t\t\t\t\t\t\t<\/div>\n\t\t\t\t\t\t\t<div class=\"col-12 col-lg-5\">\n\t\t\t\t\t\t\t\t<div class=\"block-text__item-content t-m\">\n\t\t\t\t\t\t\t\t\t\t\t\t\t\t\t\t\t\t\t<div class=\"split-anim-inner\"><p>Desde el desarrollo del concepto hasta la entrega final, gestionamos cada etapa del proceso para asegurar un resultado fluido y potente.<\/p>\n<\/div>\n\t\t\t\t\t\t\t\t\t\t\t\t\t\t\t\t\t<\/div>\n\t\t\t\t\t\t\t<\/div>\n\t\t\t\t\t\t\t\t\t\t\t\t\t\t\t<div class=\"col-12 col-lg-3 offset-lg-1\">\n\t\t\t\t\t\t\t\t\t<div class=\"block-text__item-list t-s\">\n\t\t\t\t\t\t\t\t\t\t<ul>\n\t\t\t\t\t\t\t\t\t\t\t\t\t\t\t\t\t\t\t\t\t\t\t<li class=\"block-text__item-list-item\">\n\t\t\t\t\t\t\t\t\t\t\t\t\t\t\t\t\t\t\t\t\t\t\t\t\t\t\t<p class=\"split-anim\">\n\t\t\t\t\t\t\t\t\t\t\t\t\t\t\t\t\t\t\t\t\t\t\t\t\t\t\t\t\t\t\tDesarrollo de concepto\t\t\t\t\t\t\t\t\t\t\t\t\t\t\t\t\t\t\t\t\t\t\t\t\t\t\t\t\t<\/p>\n\t\t\t\t\t\t\t\t\t\t\t\t\t\t\t\t\t\t\t\t\t\t\t\t\t<\/li>\n\t\t\t\t\t\t\t\t\t\t\t\t\t\t\t\t\t\t\t\t\t\t\t<li class=\"block-text__item-list-item\">\n\t\t\t\t\t\t\t\t\t\t\t\t\t\t\t\t\t\t\t\t\t\t\t\t\t\t\t<p class=\"split-anim\">\n\t\t\t\t\t\t\t\t\t\t\t\t\t\t\t\t\t\t\t\t\t\t\t\t\t\t\t\t\t\t\tConsultor\u00eda creativa y estrategia visual\t\t\t\t\t\t\t\t\t\t\t\t\t\t\t\t\t\t\t\t\t\t\t\t\t\t\t\t\t<\/p>\n\t\t\t\t\t\t\t\t\t\t\t\t\t\t\t\t\t\t\t\t\t\t\t\t\t<\/li>\n\t\t\t\t\t\t\t\t\t\t\t\t\t\t\t\t\t\t\t\t\t\t\t<li class=\"block-text__item-list-item\">\n\t\t\t\t\t\t\t\t\t\t\t\t\t\t\t\t\t\t\t\t\t\t\t\t\t\t\t<p class=\"split-anim\">\n\t\t\t\t\t\t\t\t\t\t\t\t\t\t\t\t\t\t\t\t\t\t\t\t\t\t\t\t\t\t\tPreproducci\u00f3n\t\t\t\t\t\t\t\t\t\t\t\t\t\t\t\t\t\t\t\t\t\t\t\t\t\t\t\t\t<\/p>\n\t\t\t\t\t\t\t\t\t\t\t\t\t\t\t\t\t\t\t\t\t\t\t\t\t<\/li>\n\t\t\t\t\t\t\t\t\t\t\t\t\t\t\t\t\t\t\t\t\t\t\t<li class=\"block-text__item-list-item\">\n\t\t\t\t\t\t\t\t\t\t\t\t\t\t\t\t\t\t\t\t\t\t\t\t\t\t\t<p class=\"split-anim\">\n\t\t\t\t\t\t\t\t\t\t\t\t\t\t\t\t\t\t\t\t\t\t\t\t\t\t\t\t\t\t\tCinematograf\u00eda y direcci\u00f3n\t\t\t\t\t\t\t\t\t\t\t\t\t\t\t\t\t\t\t\t\t\t\t\t\t\t\t\t\t<\/p>\n\t\t\t\t\t\t\t\t\t\t\t\t\t\t\t\t\t\t\t\t\t\t\t\t\t<\/li>\n\t\t\t\t\t\t\t\t\t\t\t\t\t\t\t\t\t\t\t\t\t\t\t<li class=\"block-text__item-list-item\">\n\t\t\t\t\t\t\t\t\t\t\t\t\t\t\t\t\t\t\t\t\t\t\t\t\t\t\t<p class=\"split-anim\">\n\t\t\t\t\t\t\t\t\t\t\t\t\t\t\t\t\t\t\t\t\t\t\t\t\t\t\t\t\t\t\tCasting y gesti\u00f3n de talento\t\t\t\t\t\t\t\t\t\t\t\t\t\t\t\t\t\t\t\t\t\t\t\t\t\t\t\t\t<\/p>\n\t\t\t\t\t\t\t\t\t\t\t\t\t\t\t\t\t\t\t\t\t\t\t\t\t<\/li>\n\t\t\t\t\t\t\t\t\t\t\t\t\t\t\t\t\t\t\t\t\t\t\t<li class=\"block-text__item-list-item\">\n\t\t\t\t\t\t\t\t\t\t\t\t\t\t\t\t\t\t\t\t\t\t\t\t\t\t\t<p class=\"split-anim\">\n\t\t\t\t\t\t\t\t\t\t\t\t\t\t\t\t\t\t\t\t\t\t\t\t\t\t\t\t\t\t\tB\u00fasqueda de localizaciones\t\t\t\t\t\t\t\t\t\t\t\t\t\t\t\t\t\t\t\t\t\t\t\t\t\t\t\t\t<\/p>\n\t\t\t\t\t\t\t\t\t\t\t\t\t\t\t\t\t\t\t\t\t\t\t\t\t<\/li>\n\t\t\t\t\t\t\t\t\t\t\t\t\t\t\t\t\t\t\t\t\t\t\t<li class=\"block-text__item-list-item\">\n\t\t\t\t\t\t\t\t\t\t\t\t\t\t\t\t\t\t\t\t\t\t\t\t\t\t\t<p class=\"split-anim\">\n\t\t\t\t\t\t\t\t\t\t\t\t\t\t\t\t\t\t\t\t\t\t\t\t\t\t\t\t\t\t\tEdici\u00f3n y etalonaje de color\t\t\t\t\t\t\t\t\t\t\t\t\t\t\t\t\t\t\t\t\t\t\t\t\t\t\t\t\t<\/p>\n\t\t\t\t\t\t\t\t\t\t\t\t\t\t\t\t\t\t\t\t\t\t\t\t\t<\/li>\n\t\t\t\t\t\t\t\t\t\t\t\t\t\t\t\t\t\t\t\t\t\t\t<li class=\"block-text__item-list-item\">\n\t\t\t\t\t\t\t\t\t\t\t\t\t\t\t\t\t\t\t\t\t\t\t\t\t\t\t<p class=\"split-anim\">\n\t\t\t\t\t\t\t\t\t\t\t\t\t\t\t\t\t\t\t\t\t\t\t\t\t\t\t\t\t\t\tPostproducci\u00f3n y VFX\t\t\t\t\t\t\t\t\t\t\t\t\t\t\t\t\t\t\t\t\t\t\t\t\t\t\t\t\t<\/p>\n\t\t\t\t\t\t\t\t\t\t\t\t\t\t\t\t\t\t\t\t\t\t\t\t\t<\/li>\n\t\t\t\t\t\t\t\t\t\t\t\t\t\t\t\t\t\t\t\t\t\t\t<li class=\"block-text__item-list-item\">\n\t\t\t\t\t\t\t\t\t\t\t\t\t\t\t\t\t\t\t\t\t\t\t\t\t\t\t<p class=\"split-anim\">\n\t\t\t\t\t\t\t\t\t\t\t\t\t\t\t\t\t\t\t\t\t\t\t\t\t\t\t\t\t\t\tFlujos de trabajo de IA en postproducci\u00f3n\t\t\t\t\t\t\t\t\t\t\t\t\t\t\t\t\t\t\t\t\t\t\t\t\t\t\t\t\t<\/p>\n\t\t\t\t\t\t\t\t\t\t\t\t\t\t\t\t\t\t\t\t\t\t\t\t\t<\/li>\n\t\t\t\t\t\t\t\t\t\t\t\t\t\t\t\t\t\t\t\t\t<\/ul>\n\t\t\t\t\t\t\t\t\t<\/div>\n\t\t\t\t\t\t\t\t<\/div>\n\t\t\t\t\t\t\t\t\t\t\t\t\t<\/div>\n\t\t\t\t\t<\/div>\n\t\t\t\t<\/div>\n\t\t\t\t\t\t\t<div class=\"block-text__item\">\n\t\t\t\t\t<div class=\"container-fluid\">\n\t\t\t\t\t\t<div class=\"row\">\n\t\t\t\t\t\t\t<div class=\"col-12\">\n\t\t\t\t\t\t\t\t<div class=\"border-separator\"><\/div>\n\t\t\t\t\t\t\t<\/div>\n\t\t\t\t\t\t<\/div>\n\t\t\t\t\t\t<div class=\"row d-flex align-items-baseline\">\n\t\t\t\t\t\t\t<div class=\"col-12 col-lg-3\">\n\t\t\t\t\t\t\t\t<div class=\"block-text__item-title t-s\">\n\t\t\t\t\t\t\t\t\t\t\t\t\t\t\t\t\t\t\t<h4 class=\"split-anim\">Productos<\/h4>\n\t\t\t\t\t\t\t\t\t\t\t\t\t\t\t\t\t<\/div>\n\t\t\t\t\t\t\t<\/div>\n\t\t\t\t\t\t\t<div class=\"col-12 col-lg-5\">\n\t\t\t\t\t\t\t\t<div class=\"block-text__item-content t-m\">\n\t\t\t\t\t\t\t\t\t\t\t\t\t\t\t\t\t\t\t<div class=\"split-anim-inner\"><p>Cada proyecto nace con prop\u00f3sito, combinando estrategia y creatividad para crear valor.<\/p>\n<\/div>\n\t\t\t\t\t\t\t\t\t\t\t\t\t\t\t\t\t<\/div>\n\t\t\t\t\t\t\t<\/div>\n\t\t\t\t\t\t\t\t\t\t\t\t\t\t\t<div class=\"col-12 col-lg-3 offset-lg-1\">\n\t\t\t\t\t\t\t\t\t<div class=\"block-text__item-list t-s\">\n\t\t\t\t\t\t\t\t\t\t<ul>\n\t\t\t\t\t\t\t\t\t\t\t\t\t\t\t\t\t\t\t\t\t\t\t<li class=\"block-text__item-list-item\">\n\t\t\t\t\t\t\t\t\t\t\t\t\t\t\t\t\t\t\t\t\t\t\t\t\t\t\t<p class=\"split-anim\">\n\t\t\t\t\t\t\t\t\t\t\t\t\t\t\t\t\t\t\t\t\t\t\t\t\t\t\t\t\t\t\tStorytelling visual\t\t\t\t\t\t\t\t\t\t\t\t\t\t\t\t\t\t\t\t\t\t\t\t\t\t\t\t\t<\/p>\n\t\t\t\t\t\t\t\t\t\t\t\t\t\t\t\t\t\t\t\t\t\t\t\t\t<\/li>\n\t\t\t\t\t\t\t\t\t\t\t\t\t\t\t\t\t\t\t\t\t\t\t<li class=\"block-text__item-list-item\">\n\t\t\t\t\t\t\t\t\t\t\t\t\t\t\t\t\t\t\t\t\t\t\t\t\t\t\t<p class=\"split-anim\">\n\t\t\t\t\t\t\t\t\t\t\t\t\t\t\t\t\t\t\t\t\t\t\t\t\t\t\t\t\t\t\tPublicidad\t\t\t\t\t\t\t\t\t\t\t\t\t\t\t\t\t\t\t\t\t\t\t\t\t\t\t\t\t<\/p>\n\t\t\t\t\t\t\t\t\t\t\t\t\t\t\t\t\t\t\t\t\t\t\t\t\t<\/li>\n\t\t\t\t\t\t\t\t\t\t\t\t\t\t\t\t\t\t\t\t\t\t\t<li class=\"block-text__item-list-item\">\n\t\t\t\t\t\t\t\t\t\t\t\t\t\t\t\t\t\t\t\t\t\t\t\t\t\t\t<p class=\"split-anim\">\n\t\t\t\t\t\t\t\t\t\t\t\t\t\t\t\t\t\t\t\t\t\t\t\t\t\t\t\t\t\t\tV\u00eddeos de marca y corporativos\t\t\t\t\t\t\t\t\t\t\t\t\t\t\t\t\t\t\t\t\t\t\t\t\t\t\t\t\t<\/p>\n\t\t\t\t\t\t\t\t\t\t\t\t\t\t\t\t\t\t\t\t\t\t\t\t\t<\/li>\n\t\t\t\t\t\t\t\t\t\t\t\t\t\t\t\t\t\t\t\t\t\t\t<li class=\"block-text__item-list-item\">\n\t\t\t\t\t\t\t\t\t\t\t\t\t\t\t\t\t\t\t\t\t\t\t\t\t\t\t<p class=\"split-anim\">\n\t\t\t\t\t\t\t\t\t\t\t\t\t\t\t\t\t\t\t\t\t\t\t\t\t\t\t\t\t\t\tMotion branding y animaci\u00f3n gr\u00e1fica\t\t\t\t\t\t\t\t\t\t\t\t\t\t\t\t\t\t\t\t\t\t\t\t\t\t\t\t\t<\/p>\n\t\t\t\t\t\t\t\t\t\t\t\t\t\t\t\t\t\t\t\t\t\t\t\t\t<\/li>\n\t\t\t\t\t\t\t\t\t\t\t\t\t\t\t\t\t\t\t\t\t\t\t<li class=\"block-text__item-list-item\">\n\t\t\t\t\t\t\t\t\t\t\t\t\t\t\t\t\t\t\t\t\t\t\t\t\t\t\t<p class=\"split-anim\">\n\t\t\t\t\t\t\t\t\t\t\t\t\t\t\t\t\t\t\t\t\t\t\t\t\t\t\t\t\t\t\tVideopodcasts y series de contenidos\t\t\t\t\t\t\t\t\t\t\t\t\t\t\t\t\t\t\t\t\t\t\t\t\t\t\t\t\t<\/p>\n\t\t\t\t\t\t\t\t\t\t\t\t\t\t\t\t\t\t\t\t\t\t\t\t\t<\/li>\n\t\t\t\t\t\t\t\t\t\t\t\t\t\t\t\t\t\t\t\t\t\t\t<li class=\"block-text__item-list-item\">\n\t\t\t\t\t\t\t\t\t\t\t\t\t\t\t\t\t\t\t\t\t\t\t\t\t\t\t<p class=\"split-anim\">\n\t\t\t\t\t\t\t\t\t\t\t\t\t\t\t\t\t\t\t\t\t\t\t\t\t\t\t\t\t\t\tCobertura y contenidos para eventos\t\t\t\t\t\t\t\t\t\t\t\t\t\t\t\t\t\t\t\t\t\t\t\t\t\t\t\t\t<\/p>\n\t\t\t\t\t\t\t\t\t\t\t\t\t\t\t\t\t\t\t\t\t\t\t\t\t<\/li>\n\t\t\t\t\t\t\t\t\t\t\t\t\t\t\t\t\t\t\t\t\t\t\t<li class=\"block-text__item-list-item\">\n\t\t\t\t\t\t\t\t\t\t\t\t\t\t\t\t\t\t\t\t\t\t\t\t\t\t\t<p class=\"split-anim\">\n\t\t\t\t\t\t\t\t\t\t\t\t\t\t\t\t\t\t\t\t\t\t\t\t\t\t\t\t\t\t\tFotograf\u00eda comercial y corporativa\t\t\t\t\t\t\t\t\t\t\t\t\t\t\t\t\t\t\t\t\t\t\t\t\t\t\t\t\t<\/p>\n\t\t\t\t\t\t\t\t\t\t\t\t\t\t\t\t\t\t\t\t\t\t\t\t\t<\/li>\n\t\t\t\t\t\t\t\t\t\t\t\t\t\t\t\t\t\t\t\t\t\t\t<li class=\"block-text__item-list-item\">\n\t\t\t\t\t\t\t\t\t\t\t\t\t\t\t\t\t\t\t\t\t\t\t\t\t\t\t<p class=\"split-anim\">\n\t\t\t\t\t\t\t\t\t\t\t\t\t\t\t\t\t\t\t\t\t\t\t\t\t\t\t\t\t\t\tMuseos, exposiciones y showrooms\t\t\t\t\t\t\t\t\t\t\t\t\t\t\t\t\t\t\t\t\t\t\t\t\t\t\t\t\t<\/p>\n\t\t\t\t\t\t\t\t\t\t\t\t\t\t\t\t\t\t\t\t\t\t\t\t\t<\/li>\n\t\t\t\t\t\t\t\t\t\t\t\t\t\t\t\t\t\t\t\t\t\t\t<li class=\"block-text__item-list-item\">\n\t\t\t\t\t\t\t\t\t\t\t\t\t\t\t\t\t\t\t\t\t\t\t\t\t\t\t<p class=\"split-anim\">\n\t\t\t\t\t\t\t\t\t\t\t\t\t\t\t\t\t\t\t\t\t\t\t\t\t\t\t\t\t\t\tServicios de producci\u00f3n\t\t\t\t\t\t\t\t\t\t\t\t\t\t\t\t\t\t\t\t\t\t\t\t\t\t\t\t\t<\/p>\n\t\t\t\t\t\t\t\t\t\t\t\t\t\t\t\t\t\t\t\t\t\t\t\t\t<\/li>\n\t\t\t\t\t\t\t\t\t\t\t\t\t\t\t\t\t\t\t\t\t<\/ul>\n\t\t\t\t\t\t\t\t\t<\/div>\n\t\t\t\t\t\t\t\t<\/div>\n\t\t\t\t\t\t\t\t\t\t\t\t\t<\/div>\n\t\t\t\t\t<\/div>\n\t\t\t\t<\/div>\n\t\t\t\t\t\t<\/section>\n\t<!-- END TEXT BLOCK -->\n\n\n<section class=\"section-gutenberg\"><div class=\"container-fluid\">\n<div class=\"wp-block-columns is-layout-flex wp-container-core-columns-is-layout-9d6595d7 wp-block-columns-is-layout-flex\">\n<div class=\"wp-block-column is-layout-flow wp-block-column-is-layout-flow\">\n<figure class=\"wp-block-video\"><video autoplay loop muted poster=\"https:\/\/weare023.com\/wp-content\/uploads\/2025\/07\/img-produce-1-scaled.png\" src=\"https:\/\/player.vimeo.com\/progressive_redirect\/playback\/1147649438\/rendition\/1080p\/file.mp4%20%281080p%29.mp4?loc=external&amp;log_user=0&amp;signature=3475c7882895140453766efbf8e56cc2acdd70a8f6affd3814e2466937f6b703\" playsinline><\/video><\/figure>\n<\/div>\n<\/div>\n<\/div><\/section>\n\n\t<!-- BLOCK IMAGE -->\n\t<section id=acf-block-686bd4e4725ec class=\"block-image pt-0\">\n\t\t<div class=\"container-fluid\">\n\t\t\t<div class=\"row\">\n\t\t\t\t<div class=\"col-12\">\n\t\t\t\t\t<div class=\"block-image__image\">\n\t\t\t\t\t\t\t\t\t\t\t<\/div>\n\t\t\t\t<\/div>\n\t\t\t<\/div>\n\t\t<\/div>\n\t\t<div class=\"block-image__item\">\n\t\t\t<div class=\"container-fluid\">\n\t\t\t\t<div class=\"row\">\n\t\t\t\t\t<div class=\"col-12\">\n\t\t\t\t\t\t<div class=\"border-separator\"><\/div>\n\t\t\t\t\t<\/div>\n\t\t\t\t<\/div>\n\t\t\t\t<div class=\"row d-flex align-items-baseline\">\n\t\t\t\t\t<div class=\"col-12 col-lg-3\">\n\t\t\t\t\t\t<div class=\"block-image__item-title t-s\">\n\t\t\t\t\t\t\t\t\t\t\t\t\t\t\t<h4>Infraestructura y Talento<\/h4>\n\t\t\t\t\t\t\t\t\t\t\t\t\t<\/div>\n\t\t\t\t\t<\/div>\n\t\t\t\t\t<div class=\"col-12 col-lg-5\">\n\t\t\t\t\t\t<div class=\"block-image__item-content t-m\">\n\t\t\t\t\t\t\t\t\t\t\t\t\t\t\t<p>Tecnolog\u00eda de vanguardia, una red global de expertos creativos, instalaciones y equipos de \u00faltima generaci\u00f3n, y los m\u00e1s altos est\u00e1ndares de calidad. Desde directores hasta especialistas t\u00e9cnicos, colaboramos para ofrecer resultados de primer nivel en todo el mundo.<\/p>\n<p><a class=\"btn-contact\" href=\"#\">Proyectos internacionales<\/a> <a href=\"https:\/\/weare023.com\/barcelona\/\">\u00bfQuieres rodar en Barcelona?<\/a><\/p>\n\t\t\t\t\t\t\t\t\t\t\t\t\t<\/div>\n\t\t\t\t\t<\/div>\n\t\t\t\t\t<div class=\"col-12 col-lg-3 offset-lg-1 d-flex justify-content-end\">\n\t\t\t\t\t\t<div class=\"block-image__item-cta t-s\">\n\t\t\t\t\t\t\t\t\t\t\t\t\t\t\t\t\t\t\t\t\t\t\t\t<a href=\"#\" class=\"btn-contact\">Cont\u00e1ctanos<\/a>\n\t\t\t\t\t\t\t\t\t\t\t\t\t\t\t\t\t\t\t\t\t<\/div>\n\t\t\t\t\t<\/div>\n\t\t\t\t<\/div>\n\t\t\t<\/div>\n\t\t<\/div>\n\t<\/section>\n\t<!-- END BLOCK IMAGE -->\n","protected":false},"excerpt":{"rendered":"<p> [&#8230;]<\/p>\n<p><a class=\"btn btn-secondary 023-read-more-link\" href=\"https:\/\/weare023.com\/es\/produce\/\">Read More&#8230;<span class=\"screen-reader-text\"> from Produce<\/span><\/a><\/p>\n","protected":false},"author":3,"featured_media":629,"parent":0,"menu_order":0,"comment_status":"closed","ping_status":"closed","template":"page-templates\/blocks.php","meta":{"_acf_changed":false,"inline_featured_image":false,"footnotes":""},"class_list":["post-701","page","type-page","status-publish","has-post-thumbnail","hentry"],"acf":[],"yoast_head":"<!-- This site is optimized with the Yoast SEO plugin v27.5 - https:\/\/yoast.com\/product\/yoast-seo-wordpress\/ -->\n<title>Productora Audiovisual Integral en Barcelona \u2013 023. Produce.<\/title>\n<meta name=\"description\" content=\"Desde el rodaje hasta la postproducci\u00f3n, creamos contenido audiovisual con precisi\u00f3n, creatividad y una red de producci\u00f3n global.\" \/>\n<meta name=\"robots\" content=\"index, follow, max-snippet:-1, max-image-preview:large, max-video-preview:-1\" \/>\n<link rel=\"canonical\" href=\"https:\/\/weare023.com\/es\/produce\/\" \/>\n<meta property=\"og:locale\" content=\"es_ES\" \/>\n<meta property=\"og:type\" content=\"article\" \/>\n<meta property=\"og:title\" content=\"Productora Audiovisual Integral en Barcelona \u2013 023. Produce.\" \/>\n<meta property=\"og:description\" content=\"Desde el rodaje hasta la postproducci\u00f3n, creamos contenido audiovisual con precisi\u00f3n, creatividad y una red de producci\u00f3n global.\" \/>\n<meta property=\"og:url\" content=\"https:\/\/weare023.com\/es\/produce\/\" \/>\n<meta property=\"og:site_name\" content=\"023\" \/>\n<meta property=\"article:modified_time\" content=\"2026-01-16T12:36:23+00:00\" \/>\n<meta property=\"og:image\" content=\"https:\/\/weare023.com\/wp-content\/uploads\/2025\/07\/img-hero-think-scaled.png\" \/>\n\t<meta property=\"og:image:width\" content=\"2560\" \/>\n\t<meta property=\"og:image:height\" content=\"1470\" \/>\n\t<meta property=\"og:image:type\" content=\"image\/png\" \/>\n<meta name=\"twitter:card\" content=\"summary_large_image\" \/>\n<meta name=\"twitter:label1\" content=\"Tiempo de lectura\" \/>\n\t<meta name=\"twitter:data1\" content=\"1 minuto\" \/>\n<script type=\"application\/ld+json\" class=\"yoast-schema-graph\">{\"@context\":\"https:\\\/\\\/schema.org\",\"@graph\":[{\"@type\":\"WebPage\",\"@id\":\"https:\\\/\\\/weare023.com\\\/es\\\/produce\\\/\",\"url\":\"https:\\\/\\\/weare023.com\\\/es\\\/produce\\\/\",\"name\":\"Productora Audiovisual Integral en Barcelona \u2013 023. Produce.\",\"isPartOf\":{\"@id\":\"https:\\\/\\\/weare023.com\\\/es\\\/#website\"},\"primaryImageOfPage\":{\"@id\":\"https:\\\/\\\/weare023.com\\\/es\\\/produce\\\/#primaryimage\"},\"image\":{\"@id\":\"https:\\\/\\\/weare023.com\\\/es\\\/produce\\\/#primaryimage\"},\"thumbnailUrl\":\"https:\\\/\\\/weare023.com\\\/wp-content\\\/uploads\\\/2025\\\/07\\\/img-hero-think-scaled.png\",\"datePublished\":\"2025-07-07T13:53:55+00:00\",\"dateModified\":\"2026-01-16T12:36:23+00:00\",\"description\":\"Desde el rodaje hasta la postproducci\u00f3n, creamos contenido audiovisual con precisi\u00f3n, creatividad y una red de producci\u00f3n global.\",\"breadcrumb\":{\"@id\":\"https:\\\/\\\/weare023.com\\\/es\\\/produce\\\/#breadcrumb\"},\"inLanguage\":\"es\",\"potentialAction\":[{\"@type\":\"ReadAction\",\"target\":[\"https:\\\/\\\/weare023.com\\\/es\\\/produce\\\/\"]}]},{\"@type\":\"ImageObject\",\"inLanguage\":\"es\",\"@id\":\"https:\\\/\\\/weare023.com\\\/es\\\/produce\\\/#primaryimage\",\"url\":\"https:\\\/\\\/weare023.com\\\/wp-content\\\/uploads\\\/2025\\\/07\\\/img-hero-think-scaled.png\",\"contentUrl\":\"https:\\\/\\\/weare023.com\\\/wp-content\\\/uploads\\\/2025\\\/07\\\/img-hero-think-scaled.png\",\"width\":2560,\"height\":1470,\"caption\":\"Produce Header\"},{\"@type\":\"BreadcrumbList\",\"@id\":\"https:\\\/\\\/weare023.com\\\/es\\\/produce\\\/#breadcrumb\",\"itemListElement\":[{\"@type\":\"ListItem\",\"position\":1,\"name\":\"Home\",\"item\":\"https:\\\/\\\/weare023.com\\\/es\\\/\"},{\"@type\":\"ListItem\",\"position\":2,\"name\":\"Produce\"}]},{\"@type\":\"WebSite\",\"@id\":\"https:\\\/\\\/weare023.com\\\/es\\\/#website\",\"url\":\"https:\\\/\\\/weare023.com\\\/es\\\/\",\"name\":\"023\",\"description\":\"\",\"publisher\":{\"@id\":\"https:\\\/\\\/weare023.com\\\/es\\\/#organization\"},\"potentialAction\":[{\"@type\":\"SearchAction\",\"target\":{\"@type\":\"EntryPoint\",\"urlTemplate\":\"https:\\\/\\\/weare023.com\\\/es\\\/?s={search_term_string}\"},\"query-input\":{\"@type\":\"PropertyValueSpecification\",\"valueRequired\":true,\"valueName\":\"search_term_string\"}}],\"inLanguage\":\"es\"},{\"@type\":\"Organization\",\"@id\":\"https:\\\/\\\/weare023.com\\\/es\\\/#organization\",\"name\":\"023\",\"url\":\"https:\\\/\\\/weare023.com\\\/es\\\/\",\"logo\":{\"@type\":\"ImageObject\",\"inLanguage\":\"es\",\"@id\":\"https:\\\/\\\/weare023.com\\\/es\\\/#\\\/schema\\\/logo\\\/image\\\/\",\"url\":\"https:\\\/\\\/weare023.com\\\/wp-content\\\/uploads\\\/2025\\\/07\\\/we-are-023-logo.svg\",\"contentUrl\":\"https:\\\/\\\/weare023.com\\\/wp-content\\\/uploads\\\/2025\\\/07\\\/we-are-023-logo.svg\",\"caption\":\"023\"},\"image\":{\"@id\":\"https:\\\/\\\/weare023.com\\\/es\\\/#\\\/schema\\\/logo\\\/image\\\/\"},\"sameAs\":[\"https:\\\/\\\/vimeo.com\\\/o23\",\"https:\\\/\\\/www.youtube.com\\\/channel\\\/UCgIWa9SATr_fC5r1qfkJ3Xg\",\"https:\\\/\\\/www.instagram.com\\\/023.think.create.produce\\\/\",\"https:\\\/\\\/es.linkedin.com\\\/company\\\/023thinkcreateproduce\"]}]}<\/script>\n<!-- \/ Yoast SEO plugin. -->","yoast_head_json":{"title":"Productora Audiovisual Integral en Barcelona \u2013 023. Produce.","description":"Desde el rodaje hasta la postproducci\u00f3n, creamos contenido audiovisual con precisi\u00f3n, creatividad y una red de producci\u00f3n global.","robots":{"index":"index","follow":"follow","max-snippet":"max-snippet:-1","max-image-preview":"max-image-preview:large","max-video-preview":"max-video-preview:-1"},"canonical":"https:\/\/weare023.com\/es\/produce\/","og_locale":"es_ES","og_type":"article","og_title":"Productora Audiovisual Integral en Barcelona \u2013 023. Produce.","og_description":"Desde el rodaje hasta la postproducci\u00f3n, creamos contenido audiovisual con precisi\u00f3n, creatividad y una red de producci\u00f3n global.","og_url":"https:\/\/weare023.com\/es\/produce\/","og_site_name":"023","article_modified_time":"2026-01-16T12:36:23+00:00","og_image":[{"width":2560,"height":1470,"url":"https:\/\/weare023.com\/wp-content\/uploads\/2025\/07\/img-hero-think-scaled.png","type":"image\/png"}],"twitter_card":"summary_large_image","twitter_misc":{"Tiempo de lectura":"1 minuto"},"schema":{"@context":"https:\/\/schema.org","@graph":[{"@type":"WebPage","@id":"https:\/\/weare023.com\/es\/produce\/","url":"https:\/\/weare023.com\/es\/produce\/","name":"Productora Audiovisual Integral en Barcelona \u2013 023. Produce.","isPartOf":{"@id":"https:\/\/weare023.com\/es\/#website"},"primaryImageOfPage":{"@id":"https:\/\/weare023.com\/es\/produce\/#primaryimage"},"image":{"@id":"https:\/\/weare023.com\/es\/produce\/#primaryimage"},"thumbnailUrl":"https:\/\/weare023.com\/wp-content\/uploads\/2025\/07\/img-hero-think-scaled.png","datePublished":"2025-07-07T13:53:55+00:00","dateModified":"2026-01-16T12:36:23+00:00","description":"Desde el rodaje hasta la postproducci\u00f3n, creamos contenido audiovisual con precisi\u00f3n, creatividad y una red de producci\u00f3n global.","breadcrumb":{"@id":"https:\/\/weare023.com\/es\/produce\/#breadcrumb"},"inLanguage":"es","potentialAction":[{"@type":"ReadAction","target":["https:\/\/weare023.com\/es\/produce\/"]}]},{"@type":"ImageObject","inLanguage":"es","@id":"https:\/\/weare023.com\/es\/produce\/#primaryimage","url":"https:\/\/weare023.com\/wp-content\/uploads\/2025\/07\/img-hero-think-scaled.png","contentUrl":"https:\/\/weare023.com\/wp-content\/uploads\/2025\/07\/img-hero-think-scaled.png","width":2560,"height":1470,"caption":"Produce Header"},{"@type":"BreadcrumbList","@id":"https:\/\/weare023.com\/es\/produce\/#breadcrumb","itemListElement":[{"@type":"ListItem","position":1,"name":"Home","item":"https:\/\/weare023.com\/es\/"},{"@type":"ListItem","position":2,"name":"Produce"}]},{"@type":"WebSite","@id":"https:\/\/weare023.com\/es\/#website","url":"https:\/\/weare023.com\/es\/","name":"023","description":"","publisher":{"@id":"https:\/\/weare023.com\/es\/#organization"},"potentialAction":[{"@type":"SearchAction","target":{"@type":"EntryPoint","urlTemplate":"https:\/\/weare023.com\/es\/?s={search_term_string}"},"query-input":{"@type":"PropertyValueSpecification","valueRequired":true,"valueName":"search_term_string"}}],"inLanguage":"es"},{"@type":"Organization","@id":"https:\/\/weare023.com\/es\/#organization","name":"023","url":"https:\/\/weare023.com\/es\/","logo":{"@type":"ImageObject","inLanguage":"es","@id":"https:\/\/weare023.com\/es\/#\/schema\/logo\/image\/","url":"https:\/\/weare023.com\/wp-content\/uploads\/2025\/07\/we-are-023-logo.svg","contentUrl":"https:\/\/weare023.com\/wp-content\/uploads\/2025\/07\/we-are-023-logo.svg","caption":"023"},"image":{"@id":"https:\/\/weare023.com\/es\/#\/schema\/logo\/image\/"},"sameAs":["https:\/\/vimeo.com\/o23","https:\/\/www.youtube.com\/channel\/UCgIWa9SATr_fC5r1qfkJ3Xg","https:\/\/www.instagram.com\/023.think.create.produce\/","https:\/\/es.linkedin.com\/company\/023thinkcreateproduce"]}]}},"_links":{"self":[{"href":"https:\/\/weare023.com\/es\/wp-json\/wp\/v2\/pages\/701","targetHints":{"allow":["GET"]}}],"collection":[{"href":"https:\/\/weare023.com\/es\/wp-json\/wp\/v2\/pages"}],"about":[{"href":"https:\/\/weare023.com\/es\/wp-json\/wp\/v2\/types\/page"}],"author":[{"embeddable":true,"href":"https:\/\/weare023.com\/es\/wp-json\/wp\/v2\/users\/3"}],"replies":[{"embeddable":true,"href":"https:\/\/weare023.com\/es\/wp-json\/wp\/v2\/comments?post=701"}],"version-history":[{"count":3,"href":"https:\/\/weare023.com\/es\/wp-json\/wp\/v2\/pages\/701\/revisions"}],"predecessor-version":[{"id":1311,"href":"https:\/\/weare023.com\/es\/wp-json\/wp\/v2\/pages\/701\/revisions\/1311"}],"wp:featuredmedia":[{"embeddable":true,"href":"https:\/\/weare023.com\/es\/wp-json\/wp\/v2\/media\/629"}],"wp:attachment":[{"href":"https:\/\/weare023.com\/es\/wp-json\/wp\/v2\/media?parent=701"}],"curies":[{"name":"wp","href":"https:\/\/api.w.org\/{rel}","templated":true}]}}