{"id":713,"date":"2025-07-07T07:11:33","date_gmt":"2025-07-07T07:11:33","guid":{"rendered":"https:\/\/weare023.com\/barcelona\/"},"modified":"2025-10-23T10:29:15","modified_gmt":"2025-10-23T10:29:15","slug":"barcelona","status":"publish","type":"page","link":"https:\/\/weare023.com\/es\/barcelona\/","title":{"rendered":"Barcelona"},"content":{"rendered":"\t<!-- BLOCK HEADER -->\n\t<section id=acf-block-686b73dd5335a class=\"block-header\">\n\t\t<div class=\"container-fluid\">\n\t\t\t<div class=\"row\">\n\t\t\t\t<div class=\"col-12 col-lg-6\">\n\t\t\t\t\t<div class=\"block-header__title\">\n\t\t\t\t\t\t\t\t\t\t\t\t\t<h1 class=\"t-xl\">\u00bfQuieres rodar en Barcelona?<\/h1>\n\t\t\t\t\t\t\t\t\t\t\t\t\t\t\t\t\t\t\t<h2 class=\"t-s\">Ofrecemos servicios de producci\u00f3n integral para agencias y productoras que quieran rodar en Barcelona.<\/h2>\n\t\t\t\t\t\t\t\t\t\t\t<\/div>\n\t\t\t\t<\/div>\n\t\t\t<\/div>\n\t\t\t\t\t\t\t<div class=\"row\">\n\t\t\t\t\t<div class=\"col-12\">\n\t\t\t\t\t\t<div class=\"block-header__image\">\n\t\t\t\t\t\t\t\t\t\t\t\t\t\t\t\t\t\t\t\t\t\t<img decoding=\"async\" width=\"1468\" height=\"845\" src=\"https:\/\/weare023.com\/wp-content\/uploads\/2025\/07\/barcelona.png\" class=\"\" alt=\"La Sagrada Fam\u00edlia from Barcelona\" srcset=\"https:\/\/weare023.com\/wp-content\/uploads\/2025\/07\/barcelona.png 1468w, https:\/\/weare023.com\/wp-content\/uploads\/2025\/07\/barcelona-300x173.png 300w, https:\/\/weare023.com\/wp-content\/uploads\/2025\/07\/barcelona-1024x589.png 1024w, https:\/\/weare023.com\/wp-content\/uploads\/2025\/07\/barcelona-768x442.png 768w\" sizes=\"(max-width: 1468px) 100vw, 1468px\" \/>\t\t\t\t\t\t\t\t\t\t\t\t\t<\/div>\n\t\t\t\t\t<\/div>\n\t\t\t\t<\/div>\n\t\t\t\t\t<\/div>\n\t<\/section>\n\t<!-- END BLOCK HEADER -->\n\n\n<section class=\"section-gutenberg\"><div class=\"container-fluid\">\n<div class=\"wp-block-columns is-layout-flex wp-container-core-columns-is-layout-9d6595d7 wp-block-columns-is-layout-flex\">\n<div class=\"wp-block-column is-layout-flow wp-block-column-is-layout-flow\">\n<h2 class=\"wp-block-heading\">En 023 ofrecemos servicios de producci\u00f3n integral a agencias y productoras que quieran rodar en Barcelona y en el resto de Espa\u00f1a.<\/h2>\n<\/div>\n<\/div>\n<\/div><\/section>\n\n<div class=\"container-fluid\">\n<hr class=\"wp-block-separator has-alpha-channel-opacity\"\/>\n<\/div>\n\n<section class=\"section-gutenberg\"><div class=\"container-fluid\">\n<div class=\"wp-block-columns is-layout-flex wp-container-core-columns-is-layout-9d6595d7 wp-block-columns-is-layout-flex\">\n<div class=\"wp-block-column is-layout-flow wp-block-column-is-layout-flow\">\n<h4 class=\"wp-block-heading\">Con un equipo creativo y gran conocimiento local y a\u00f1os de trayectoria produciendo contenidos para agencias y marcas internacionales de primer nivel, ofrecemos la confianza y la tranquilidad que necesitas cuando ruedas en Barcelona.<\/h4>\n<\/div>\n\n\n\n<div class=\"wp-block-column is-layout-flow wp-block-column-is-layout-flow\">\n<p class=\"has-text-align-right\"><a href=\"#\">Cont\u00e1ctanos<\/a><\/p>\n<\/div>\n<\/div>\n<\/div><\/section>\n\n<section class=\"section-gutenberg\"><div class=\"container-fluid\">\n<div class=\"wp-block-columns is-layout-flex wp-container-core-columns-is-layout-9d6595d7 wp-block-columns-is-layout-flex\">\n<div class=\"wp-block-column is-layout-flow wp-block-column-is-layout-flow\" style=\"flex-basis:25%\"><\/div>\n\n\n\n<div class=\"wp-block-column is-layout-flow wp-block-column-is-layout-flow\" style=\"flex-basis:50%\">\n<figure class=\"wp-block-image size-large\"><img decoding=\"async\" width=\"1024\" height=\"589\" src=\"https:\/\/weare023.com\/wp-content\/uploads\/2025\/07\/barcelona-1024x589.png\" alt=\"\" class=\"wp-image-164\" srcset=\"https:\/\/weare023.com\/wp-content\/uploads\/2025\/07\/barcelona-1024x589.png 1024w, https:\/\/weare023.com\/wp-content\/uploads\/2025\/07\/barcelona-300x173.png 300w, https:\/\/weare023.com\/wp-content\/uploads\/2025\/07\/barcelona-768x442.png 768w, https:\/\/weare023.com\/wp-content\/uploads\/2025\/07\/barcelona.png 1468w\" sizes=\"(max-width: 1024px) 100vw, 1024px\" \/><\/figure>\n<\/div>\n\n\n\n<div class=\"wp-block-column is-layout-flow wp-block-column-is-layout-flow\" style=\"flex-basis:25%\"><\/div>\n<\/div>\n<\/div><\/section>\n\n<section class=\"section-gutenberg\"><div class=\"container-fluid\">\n<div class=\"wp-block-columns is-layout-flex wp-container-core-columns-is-layout-9d6595d7 wp-block-columns-is-layout-flex\">\n<div class=\"wp-block-column is-layout-flow wp-block-column-is-layout-flow\">\n<h3 class=\"wp-block-heading\">Especialistas en rodajes de v\u00eddeo y fotograf\u00eda en Barcelona.<\/h3>\n<\/div>\n\n\n\n<div class=\"wp-block-column is-layout-flow wp-block-column-is-layout-flow\"><\/div>\n<\/div>\n<\/div><\/section>\n\n<div class=\"container-fluid\">\n<hr class=\"wp-block-separator has-alpha-channel-opacity\"\/>\n<\/div>\n\n<section class=\"section-gutenberg\"><div class=\"container-fluid\">\n<div class=\"wp-block-columns is-layout-flex wp-container-core-columns-is-layout-9d6595d7 wp-block-columns-is-layout-flex\">\n<div class=\"wp-block-column is-layout-flow wp-block-column-is-layout-flow\">\n<p>Equipo de producci\u00f3n multiling\u00fce.<\/p>\n<\/div>\n\n\n\n<div class=\"wp-block-column is-layout-flow wp-block-column-is-layout-flow\">\n<h4 class=\"wp-block-heading\">B\u00fasqueda y gesti\u00f3n de localizaciones, planificaci\u00f3n de producci\u00f3n, casting y selecci\u00f3n de talento, cobertura de eventos y congresos, alquiler de equipamiento, fotograf\u00eda y retoque, edici\u00f3n y postproducci\u00f3n, transporte, viajes, alojamiento y tours, restaurantes y actividades.<\/h4>\n<\/div>\n<\/div>\n<\/div><\/section>\n\n<div class=\"container-fluid\">\n<hr class=\"wp-block-separator has-alpha-channel-opacity\"\/>\n<\/div>\n\n<section class=\"section-gutenberg\"><div class=\"container-fluid\">\n<div class=\"wp-block-columns is-layout-flex wp-container-core-columns-is-layout-9d6595d7 wp-block-columns-is-layout-flex\">\n<div class=\"wp-block-column is-layout-flow wp-block-column-is-layout-flow\">\n<p>Equipo<\/p>\n<\/div>\n\n\n\n<div class=\"wp-block-column is-layout-flow wp-block-column-is-layout-flow\">\n<h4 class=\"wp-block-heading\">Creatividad, experiencia y versatilidad. En 023 unimos producci\u00f3n, postproducci\u00f3n y a los mejores colaboradores para ofrecer siempre resultados excelentes.<\/h4>\n<\/div>\n<\/div>\n<\/div><\/section>","protected":false},"excerpt":{"rendered":"<p>En 023 ofrecemos servicios de producci\u00f3n integral a agencias y productoras que quieran rodar en Barcelona y en el resto de Espa\u00f1a. Con un equipo creativo y gran conocimiento local y a\u00f1os de trayectoria produciendo contenidos para agencias y marcas internacionales de primer nivel, ofrecemos la confianza y la tranquilidad que necesitas cuando ruedas en [&#8230;]<\/p>\n<p><a class=\"btn btn-secondary 023-read-more-link\" href=\"https:\/\/weare023.com\/es\/barcelona\/\">Read More&#8230;<span class=\"screen-reader-text\"> from Barcelona<\/span><\/a><\/p>\n","protected":false},"author":3,"featured_media":714,"parent":0,"menu_order":0,"comment_status":"closed","ping_status":"closed","template":"","meta":{"_acf_changed":false,"inline_featured_image":false,"footnotes":""},"class_list":["post-713","page","type-page","status-publish","has-post-thumbnail","hentry"],"acf":[],"yoast_head":"<!-- This site is optimized with the Yoast SEO plugin v27.5 - https:\/\/yoast.com\/product\/yoast-seo-wordpress\/ -->\n<title>Servicios de Producci\u00f3n en Barcelona \u2013 Rueda con 023<\/title>\n<meta name=\"description\" content=\"Equipo que habla ingl\u00e9s, expertos locales y servicios de producci\u00f3n completos para agencias que filman en Barcelona y en toda Espa\u00f1a.\" \/>\n<meta name=\"robots\" content=\"index, follow, max-snippet:-1, max-image-preview:large, max-video-preview:-1\" \/>\n<link rel=\"canonical\" href=\"https:\/\/weare023.com\/es\/barcelona\/\" \/>\n<meta property=\"og:locale\" content=\"es_ES\" \/>\n<meta property=\"og:type\" content=\"article\" \/>\n<meta property=\"og:title\" content=\"Servicios de Producci\u00f3n en Barcelona \u2013 Rueda con 023\" \/>\n<meta property=\"og:description\" content=\"Equipo que habla ingl\u00e9s, expertos locales y servicios de producci\u00f3n completos para agencias que filman en Barcelona y en toda Espa\u00f1a.\" \/>\n<meta property=\"og:url\" content=\"https:\/\/weare023.com\/es\/barcelona\/\" \/>\n<meta property=\"og:site_name\" content=\"023\" \/>\n<meta property=\"article:modified_time\" content=\"2025-10-23T10:29:15+00:00\" \/>\n<meta property=\"og:image\" content=\"https:\/\/weare023.com\/wp-content\/uploads\/2025\/07\/barcelona-1024x589.png\" \/>\n\t<meta property=\"og:image:width\" content=\"1024\" \/>\n\t<meta property=\"og:image:height\" content=\"589\" \/>\n\t<meta property=\"og:image:type\" content=\"image\/png\" \/>\n<meta name=\"twitter:card\" content=\"summary_large_image\" \/>\n<meta name=\"twitter:label1\" content=\"Tiempo de lectura\" \/>\n\t<meta name=\"twitter:data1\" content=\"1 minuto\" \/>\n<script type=\"application\/ld+json\" class=\"yoast-schema-graph\">{\"@context\":\"https:\\\/\\\/schema.org\",\"@graph\":[{\"@type\":\"WebPage\",\"@id\":\"https:\\\/\\\/weare023.com\\\/es\\\/barcelona\\\/\",\"url\":\"https:\\\/\\\/weare023.com\\\/es\\\/barcelona\\\/\",\"name\":\"Servicios de Producci\u00f3n en Barcelona \u2013 Rueda con 023\",\"isPartOf\":{\"@id\":\"https:\\\/\\\/weare023.com\\\/es\\\/#website\"},\"primaryImageOfPage\":{\"@id\":\"https:\\\/\\\/weare023.com\\\/es\\\/barcelona\\\/#primaryimage\"},\"image\":{\"@id\":\"https:\\\/\\\/weare023.com\\\/es\\\/barcelona\\\/#primaryimage\"},\"thumbnailUrl\":\"https:\\\/\\\/weare023.com\\\/wp-content\\\/uploads\\\/2025\\\/07\\\/barcelona.png\",\"datePublished\":\"2025-07-07T07:11:33+00:00\",\"dateModified\":\"2025-10-23T10:29:15+00:00\",\"description\":\"Equipo que habla ingl\u00e9s, expertos locales y servicios de producci\u00f3n completos para agencias que filman en Barcelona y en toda Espa\u00f1a.\",\"breadcrumb\":{\"@id\":\"https:\\\/\\\/weare023.com\\\/es\\\/barcelona\\\/#breadcrumb\"},\"inLanguage\":\"es\",\"potentialAction\":[{\"@type\":\"ReadAction\",\"target\":[\"https:\\\/\\\/weare023.com\\\/es\\\/barcelona\\\/\"]}]},{\"@type\":\"ImageObject\",\"inLanguage\":\"es\",\"@id\":\"https:\\\/\\\/weare023.com\\\/es\\\/barcelona\\\/#primaryimage\",\"url\":\"https:\\\/\\\/weare023.com\\\/wp-content\\\/uploads\\\/2025\\\/07\\\/barcelona.png\",\"contentUrl\":\"https:\\\/\\\/weare023.com\\\/wp-content\\\/uploads\\\/2025\\\/07\\\/barcelona.png\",\"width\":1468,\"height\":845,\"caption\":\"La Sagrada Fam\u00edlia from Barcelona\"},{\"@type\":\"BreadcrumbList\",\"@id\":\"https:\\\/\\\/weare023.com\\\/es\\\/barcelona\\\/#breadcrumb\",\"itemListElement\":[{\"@type\":\"ListItem\",\"position\":1,\"name\":\"Home\",\"item\":\"https:\\\/\\\/weare023.com\\\/es\\\/\"},{\"@type\":\"ListItem\",\"position\":2,\"name\":\"Barcelona\"}]},{\"@type\":\"WebSite\",\"@id\":\"https:\\\/\\\/weare023.com\\\/es\\\/#website\",\"url\":\"https:\\\/\\\/weare023.com\\\/es\\\/\",\"name\":\"023\",\"description\":\"\",\"publisher\":{\"@id\":\"https:\\\/\\\/weare023.com\\\/es\\\/#organization\"},\"potentialAction\":[{\"@type\":\"SearchAction\",\"target\":{\"@type\":\"EntryPoint\",\"urlTemplate\":\"https:\\\/\\\/weare023.com\\\/es\\\/?s={search_term_string}\"},\"query-input\":{\"@type\":\"PropertyValueSpecification\",\"valueRequired\":true,\"valueName\":\"search_term_string\"}}],\"inLanguage\":\"es\"},{\"@type\":\"Organization\",\"@id\":\"https:\\\/\\\/weare023.com\\\/es\\\/#organization\",\"name\":\"023\",\"url\":\"https:\\\/\\\/weare023.com\\\/es\\\/\",\"logo\":{\"@type\":\"ImageObject\",\"inLanguage\":\"es\",\"@id\":\"https:\\\/\\\/weare023.com\\\/es\\\/#\\\/schema\\\/logo\\\/image\\\/\",\"url\":\"https:\\\/\\\/weare023.com\\\/wp-content\\\/uploads\\\/2025\\\/07\\\/we-are-023-logo.svg\",\"contentUrl\":\"https:\\\/\\\/weare023.com\\\/wp-content\\\/uploads\\\/2025\\\/07\\\/we-are-023-logo.svg\",\"caption\":\"023\"},\"image\":{\"@id\":\"https:\\\/\\\/weare023.com\\\/es\\\/#\\\/schema\\\/logo\\\/image\\\/\"},\"sameAs\":[\"https:\\\/\\\/vimeo.com\\\/o23\",\"https:\\\/\\\/www.youtube.com\\\/channel\\\/UCgIWa9SATr_fC5r1qfkJ3Xg\",\"https:\\\/\\\/www.instagram.com\\\/023.think.create.produce\\\/\",\"https:\\\/\\\/es.linkedin.com\\\/company\\\/023thinkcreateproduce\"]}]}<\/script>\n<!-- \/ Yoast SEO plugin. -->","yoast_head_json":{"title":"Servicios de Producci\u00f3n en Barcelona \u2013 Rueda con 023","description":"Equipo que habla ingl\u00e9s, expertos locales y servicios de producci\u00f3n completos para agencias que filman en Barcelona y en toda Espa\u00f1a.","robots":{"index":"index","follow":"follow","max-snippet":"max-snippet:-1","max-image-preview":"max-image-preview:large","max-video-preview":"max-video-preview:-1"},"canonical":"https:\/\/weare023.com\/es\/barcelona\/","og_locale":"es_ES","og_type":"article","og_title":"Servicios de Producci\u00f3n en Barcelona \u2013 Rueda con 023","og_description":"Equipo que habla ingl\u00e9s, expertos locales y servicios de producci\u00f3n completos para agencias que filman en Barcelona y en toda Espa\u00f1a.","og_url":"https:\/\/weare023.com\/es\/barcelona\/","og_site_name":"023","article_modified_time":"2025-10-23T10:29:15+00:00","og_image":[{"width":1024,"height":589,"url":"https:\/\/weare023.com\/wp-content\/uploads\/2025\/07\/barcelona-1024x589.png","type":"image\/png"}],"twitter_card":"summary_large_image","twitter_misc":{"Tiempo de lectura":"1 minuto"},"schema":{"@context":"https:\/\/schema.org","@graph":[{"@type":"WebPage","@id":"https:\/\/weare023.com\/es\/barcelona\/","url":"https:\/\/weare023.com\/es\/barcelona\/","name":"Servicios de Producci\u00f3n en Barcelona \u2013 Rueda con 023","isPartOf":{"@id":"https:\/\/weare023.com\/es\/#website"},"primaryImageOfPage":{"@id":"https:\/\/weare023.com\/es\/barcelona\/#primaryimage"},"image":{"@id":"https:\/\/weare023.com\/es\/barcelona\/#primaryimage"},"thumbnailUrl":"https:\/\/weare023.com\/wp-content\/uploads\/2025\/07\/barcelona.png","datePublished":"2025-07-07T07:11:33+00:00","dateModified":"2025-10-23T10:29:15+00:00","description":"Equipo que habla ingl\u00e9s, expertos locales y servicios de producci\u00f3n completos para agencias que filman en Barcelona y en toda Espa\u00f1a.","breadcrumb":{"@id":"https:\/\/weare023.com\/es\/barcelona\/#breadcrumb"},"inLanguage":"es","potentialAction":[{"@type":"ReadAction","target":["https:\/\/weare023.com\/es\/barcelona\/"]}]},{"@type":"ImageObject","inLanguage":"es","@id":"https:\/\/weare023.com\/es\/barcelona\/#primaryimage","url":"https:\/\/weare023.com\/wp-content\/uploads\/2025\/07\/barcelona.png","contentUrl":"https:\/\/weare023.com\/wp-content\/uploads\/2025\/07\/barcelona.png","width":1468,"height":845,"caption":"La Sagrada Fam\u00edlia from Barcelona"},{"@type":"BreadcrumbList","@id":"https:\/\/weare023.com\/es\/barcelona\/#breadcrumb","itemListElement":[{"@type":"ListItem","position":1,"name":"Home","item":"https:\/\/weare023.com\/es\/"},{"@type":"ListItem","position":2,"name":"Barcelona"}]},{"@type":"WebSite","@id":"https:\/\/weare023.com\/es\/#website","url":"https:\/\/weare023.com\/es\/","name":"023","description":"","publisher":{"@id":"https:\/\/weare023.com\/es\/#organization"},"potentialAction":[{"@type":"SearchAction","target":{"@type":"EntryPoint","urlTemplate":"https:\/\/weare023.com\/es\/?s={search_term_string}"},"query-input":{"@type":"PropertyValueSpecification","valueRequired":true,"valueName":"search_term_string"}}],"inLanguage":"es"},{"@type":"Organization","@id":"https:\/\/weare023.com\/es\/#organization","name":"023","url":"https:\/\/weare023.com\/es\/","logo":{"@type":"ImageObject","inLanguage":"es","@id":"https:\/\/weare023.com\/es\/#\/schema\/logo\/image\/","url":"https:\/\/weare023.com\/wp-content\/uploads\/2025\/07\/we-are-023-logo.svg","contentUrl":"https:\/\/weare023.com\/wp-content\/uploads\/2025\/07\/we-are-023-logo.svg","caption":"023"},"image":{"@id":"https:\/\/weare023.com\/es\/#\/schema\/logo\/image\/"},"sameAs":["https:\/\/vimeo.com\/o23","https:\/\/www.youtube.com\/channel\/UCgIWa9SATr_fC5r1qfkJ3Xg","https:\/\/www.instagram.com\/023.think.create.produce\/","https:\/\/es.linkedin.com\/company\/023thinkcreateproduce"]}]}},"_links":{"self":[{"href":"https:\/\/weare023.com\/es\/wp-json\/wp\/v2\/pages\/713","targetHints":{"allow":["GET"]}}],"collection":[{"href":"https:\/\/weare023.com\/es\/wp-json\/wp\/v2\/pages"}],"about":[{"href":"https:\/\/weare023.com\/es\/wp-json\/wp\/v2\/types\/page"}],"author":[{"embeddable":true,"href":"https:\/\/weare023.com\/es\/wp-json\/wp\/v2\/users\/3"}],"replies":[{"embeddable":true,"href":"https:\/\/weare023.com\/es\/wp-json\/wp\/v2\/comments?post=713"}],"version-history":[{"count":1,"href":"https:\/\/weare023.com\/es\/wp-json\/wp\/v2\/pages\/713\/revisions"}],"predecessor-version":[{"id":716,"href":"https:\/\/weare023.com\/es\/wp-json\/wp\/v2\/pages\/713\/revisions\/716"}],"wp:featuredmedia":[{"embeddable":true,"href":"https:\/\/weare023.com\/es\/wp-json\/wp\/v2\/media\/714"}],"wp:attachment":[{"href":"https:\/\/weare023.com\/es\/wp-json\/wp\/v2\/media?parent=713"}],"curies":[{"name":"wp","href":"https:\/\/api.w.org\/{rel}","templated":true}]}}